{"id":20582,"date":"2021-12-10T09:43:38","date_gmt":"2021-12-10T08:43:38","guid":{"rendered":"https:\/\/www.stem.it\/?page_id=20582"},"modified":"2022-05-05T14:59:28","modified_gmt":"2022-05-05T12:59:28","slug":"survey","status":"publish","type":"page","link":"https:\/\/www.stem.it\/fr\/survey\/","title":{"rendered":"Customer Satisfaction Survey"},"content":{"rendered":"\n<style type=\"text\/css\" data-created_by=\"avia_inline_auto\" id=\"style-css-av-l2t0f1q5-ede1cdf42aa02ee3afd0caea3d7b360b\">\n.avia-section.av-l2t0f1q5-ede1cdf42aa02ee3afd0caea3d7b360b{\nbackground-color:#e6e6e6;\nbackground-image:unset;\n}\n<\/style>\n<div id='av_section_1'  class='avia-section av-l2t0f1q5-ede1cdf42aa02ee3afd0caea3d7b360b main_color avia-section-default avia-no-border-styling  avia-builder-el-0  el_before_av_section  avia-builder-el-first  avia-bg-style-parallax container_wrap sidebar_right'  ><div class='container av-section-cont-open' ><main  role=\"main\" itemprop=\"mainContentOfPage\"  class='template-page content  av-content-small alpha units'><div class='post-entry post-entry-type-page post-entry-20582'><div class='entry-content-wrapper clearfix'>\n\n<style type=\"text\/css\" data-created_by=\"avia_inline_auto\" id=\"style-css-av-av_heading-46709967f0e175314618d7846952983a\">\n#top .av-special-heading.av-av_heading-46709967f0e175314618d7846952983a{\npadding-bottom:0;\n}\nbody .av-special-heading.av-av_heading-46709967f0e175314618d7846952983a .av-special-heading-tag .heading-char{\nfont-size:25px;\n}\n.av-special-heading.av-av_heading-46709967f0e175314618d7846952983a .av-subheading{\nfont-size:15px;\n}\n<\/style>\n<div  class='av-special-heading av-av_heading-46709967f0e175314618d7846952983a av-special-heading-h1 blockquote modern-quote modern-centered  avia-builder-el-1  avia-builder-el-no-sibling  av-linked-heading'><h1 class='av-special-heading-tag '  itemprop=\"headline\"  >Customer Satisfaction Survey<\/h1><div class=\"special-heading-border\"><div class=\"special-heading-inner-border\"><\/div><\/div><\/div>\n<\/div><\/div><\/main><!-- close content main element --><\/div><\/div><div id='av_section_2'  class='avia-section av-av_section-f940a815cc4c8a560773865f893e10fc main_color avia-section-large avia-no-border-styling  avia-builder-el-2  el_after_av_section  avia-builder-el-last  avia-bg-style-scroll container_wrap sidebar_right'  ><div class='container av-section-cont-open' ><div class='template-page content  av-content-small alpha units'><div class='post-entry post-entry-type-page post-entry-20582'><div class='entry-content-wrapper clearfix'>\n\n<style type=\"text\/css\" data-created_by=\"avia_inline_auto\" id=\"style-css-av-l2t0l9o9-bdbc5e04d87cefa99ec3f358be04f13e\">\n.flex_column.av-l2t0l9o9-bdbc5e04d87cefa99ec3f358be04f13e{\nborder-radius:0px 0px 0px 0px;\npadding:0px 0px 0px 0px;\n}\n<\/style>\n<div  class='flex_column av-l2t0l9o9-bdbc5e04d87cefa99ec3f358be04f13e av_one_half  avia-builder-el-3  el_before_av_one_half  avia-builder-el-first  first flex_column_div av-animated-generic bottom-to-top av-zero-column-padding avia-link-column av-column-link  '    data-link-column-url=\"https:\/\/www.stem.it\/fr\/customer-satisfaction-survey-final-user\/\"   ><a class=\"av-screen-reader-only\" href=https:\/\/www.stem.it\/fr\/customer-satisfaction-survey-final-user\/ >Suivre un lien ajout\u00e9 manuellement<\/a><p>\n<style type=\"text\/css\" data-created_by=\"avia_inline_auto\" id=\"style-css-av-kxfz4vo3-9bdb1da5ceac30853de0dd566db12ac5\">\n#top .av-special-heading.av-kxfz4vo3-9bdb1da5ceac30853de0dd566db12ac5{\nmargin:20px 0 0 0;\npadding-bottom:0;\n}\nbody .av-special-heading.av-kxfz4vo3-9bdb1da5ceac30853de0dd566db12ac5 .av-special-heading-tag .heading-char{\nfont-size:25px;\n}\n.av-special-heading.av-kxfz4vo3-9bdb1da5ceac30853de0dd566db12ac5 .av-subheading{\nfont-size:15px;\n}\n<\/style>\n<div  class='av-special-heading av-kxfz4vo3-9bdb1da5ceac30853de0dd566db12ac5 av-special-heading-h3 blockquote modern-quote modern-centered  avia-builder-el-4  el_before_av_hr  avia-builder-el-first  av-linked-heading'><h3 class='av-special-heading-tag '  itemprop=\"headline\"  >UTILISATEUR FINAL<\/h3><div class=\"special-heading-border\"><div class=\"special-heading-inner-border\"><\/div><\/div><\/div><br \/>\n\n<style type=\"text\/css\" data-created_by=\"avia_inline_auto\" id=\"style-css-av-av_hr-ad990bee537fc3f3589de0feb1e729f5\">\n#top .hr.hr-invisible.av-av_hr-ad990bee537fc3f3589de0feb1e729f5{\nheight:35px;\n}\n<\/style>\n<div  class='hr av-av_hr-ad990bee537fc3f3589de0feb1e729f5 hr-invisible  avia-builder-el-5  el_after_av_heading  el_before_av_textblock  av-desktop-hide av-medium-hide av-small-hide'><span class='hr-inner '><span class=\"hr-inner-style\"><\/span><\/span><\/div><br \/>\n<section  class='av_textblock_section av-av_textblock-32af9c344aeda5838e62bcf702809feb '   itemscope=\"itemscope\" itemtype=\"https:\/\/schema.org\/CreativeWork\" ><div class='avia_textblock'  itemprop=\"text\" ><div class=\"av_bottone av_bottone_rosso\">ALLER AU SONDAGE<\/div>\n<\/div><\/section><br \/>\n\n<style type=\"text\/css\" data-created_by=\"avia_inline_auto\" id=\"style-css-av-av_hr-ad990bee537fc3f3589de0feb1e729f5\">\n#top .hr.hr-invisible.av-av_hr-ad990bee537fc3f3589de0feb1e729f5{\nheight:35px;\n}\n<\/style>\n<div  class='hr av-av_hr-ad990bee537fc3f3589de0feb1e729f5 hr-invisible  avia-builder-el-7  el_after_av_textblock  avia-builder-el-last  av-desktop-hide av-medium-hide av-small-hide'><span class='hr-inner '><span class=\"hr-inner-style\"><\/span><\/span><\/div><\/p><\/div>\n<style type=\"text\/css\" data-created_by=\"avia_inline_auto\" id=\"style-css-av-l2t0lpwo-ab6b0df986d82ddcc5d42ad178372b52\">\n.flex_column.av-l2t0lpwo-ab6b0df986d82ddcc5d42ad178372b52{\nborder-radius:0px 0px 0px 0px;\npadding:0px 0px 0px 0px;\n}\n<\/style>\n<div  class='flex_column av-l2t0lpwo-ab6b0df986d82ddcc5d42ad178372b52 av_one_half  avia-builder-el-8  el_after_av_one_half  avia-builder-el-last  flex_column_div av-animated-generic bottom-to-top av-zero-column-padding avia-link-column av-column-link  '    data-link-column-url=\"https:\/\/www.stem.it\/fr\/customer-satisfaction-survey-installer\/\"   ><a class=\"av-screen-reader-only\" href=https:\/\/www.stem.it\/fr\/customer-satisfaction-survey-installer\/ >Suivre un lien ajout\u00e9 manuellement<\/a><p>\n<style type=\"text\/css\" data-created_by=\"avia_inline_auto\" id=\"style-css-av-kxfz6c8t-83d52e867a05485fd916a997cd8f9a78\">\n#top .av-special-heading.av-kxfz6c8t-83d52e867a05485fd916a997cd8f9a78{\nmargin:20px 0 0 0;\npadding-bottom:0;\n}\nbody .av-special-heading.av-kxfz6c8t-83d52e867a05485fd916a997cd8f9a78 .av-special-heading-tag .heading-char{\nfont-size:25px;\n}\n.av-special-heading.av-kxfz6c8t-83d52e867a05485fd916a997cd8f9a78 .av-subheading{\nfont-size:15px;\n}\n<\/style>\n<div  class='av-special-heading av-kxfz6c8t-83d52e867a05485fd916a997cd8f9a78 av-special-heading-h3 blockquote modern-quote modern-centered  avia-builder-el-9  el_before_av_hr  avia-builder-el-first  av-linked-heading'><h3 class='av-special-heading-tag '  itemprop=\"headline\"  >INSTALLATEUR \/ DISTRIBUTEUR<\/h3><div class=\"special-heading-border\"><div class=\"special-heading-inner-border\"><\/div><\/div><\/div><br \/>\n\n<style type=\"text\/css\" data-created_by=\"avia_inline_auto\" id=\"style-css-av-av_hr-ad990bee537fc3f3589de0feb1e729f5\">\n#top .hr.hr-invisible.av-av_hr-ad990bee537fc3f3589de0feb1e729f5{\nheight:35px;\n}\n<\/style>\n<div  class='hr av-av_hr-ad990bee537fc3f3589de0feb1e729f5 hr-invisible  avia-builder-el-10  el_after_av_heading  el_before_av_textblock  av-desktop-hide av-medium-hide av-small-hide'><span class='hr-inner '><span class=\"hr-inner-style\"><\/span><\/span><\/div><br \/>\n<section  class='av_textblock_section av-l2t0kgzh-175876f41543fab30400a14ee25d2ca2 '   itemscope=\"itemscope\" itemtype=\"https:\/\/schema.org\/CreativeWork\" ><div class='avia_textblock'  itemprop=\"text\" ><div class=\"av_bottone av_bottone_rosso\">ALLER AU SONDAGE<\/div>\n<\/div><\/section><br \/>\n\n<style type=\"text\/css\" data-created_by=\"avia_inline_auto\" id=\"style-css-av-av_hr-ad990bee537fc3f3589de0feb1e729f5\">\n#top .hr.hr-invisible.av-av_hr-ad990bee537fc3f3589de0feb1e729f5{\nheight:35px;\n}\n<\/style>\n<div  class='hr av-av_hr-ad990bee537fc3f3589de0feb1e729f5 hr-invisible  avia-builder-el-12  el_after_av_textblock  avia-builder-el-last  av-desktop-hide av-medium-hide av-small-hide'><span class='hr-inner '><span class=\"hr-inner-style\"><\/span><\/span><\/div><\/p><\/div><\/div><\/div><\/div><!-- close content main div --><\/div><\/div><div id='after_section_2'  class='main_color av_default_container_wrap container_wrap sidebar_right'  ><div class='container av-section-cont-open' ><div class='template-page content  av-content-small alpha units'><div class='post-entry post-entry-type-page post-entry-20582'><div class='entry-content-wrapper clearfix'><\/p>\n","protected":false},"excerpt":{"rendered":"","protected":false},"author":8,"featured_media":0,"parent":0,"menu_order":0,"comment_status":"closed","ping_status":"closed","template":"","meta":{"footnotes":""},"class_list":["post-20582","page","type-page","status-publish","hentry"],"yoast_head":"<!-- This site is optimized with the Yoast SEO plugin v27.4 - https:\/\/yoast.com\/product\/yoast-seo-wordpress\/ -->\n<title>Prises \u00c9lectriques Auto-Ejectables | Kussmaul | Stem Tech<\/title>\n<meta name=\"description\" content=\"D\u00e9couvrez Kussmaul, leader mondial des prises \u00e9lectriques auto-ejectables, qui a s\u00e9lectionn\u00e9 Stem comme revendeur autoris\u00e9 pour l\u2019Europe et la Zone M\u00e9diterran\u00e9e.\" \/>\n<meta name=\"robots\" content=\"index, follow, max-snippet:-1, max-image-preview:large, max-video-preview:-1\" \/>\n<link rel=\"canonical\" href=\"https:\/\/www.stem.it\/fr\/survey\/\" \/>\n<meta property=\"og:locale\" content=\"fr_FR\" \/>\n<meta property=\"og:type\" content=\"article\" \/>\n<meta property=\"og:title\" content=\"Utilisez-vous nos produits ? Connaissez-vous notre entreprise ? \u00cates-vous client ou distributeur ? Votre avis nous int\u00e9resse\" \/>\n<meta property=\"og:description\" content=\"D\u00e9couvrez Kussmaul, leader mondial des prises \u00e9lectriques auto-ejectables, qui a s\u00e9lectionn\u00e9 Stem comme revendeur autoris\u00e9 pour l\u2019Europe et la Zone M\u00e9diterran\u00e9e.\" \/>\n<meta property=\"og:url\" content=\"https:\/\/www.stem.it\/fr\/survey\/\" \/>\n<meta property=\"og:site_name\" content=\"Stem Ems\" \/>\n<meta property=\"article:publisher\" content=\"https:\/\/www.facebook.com\/stememsemergencymedicalsystems\/\" \/>\n<meta property=\"article:modified_time\" content=\"2022-05-05T12:59:28+00:00\" \/>\n<meta property=\"og:image\" content=\"https:\/\/www.stem.it\/wp-content\/uploads\/2022\/03\/Survey-Condivisione-su-FACEBOOK-1200x630-1.jpg\" \/>\n\t<meta property=\"og:image:width\" content=\"1200\" \/>\n\t<meta property=\"og:image:height\" content=\"630\" \/>\n\t<meta property=\"og:image:type\" content=\"image\/jpeg\" \/>\n<meta name=\"twitter:card\" content=\"summary_large_image\" \/>\n<meta name=\"twitter:label1\" content=\"Dur\u00e9e de lecture estim\u00e9e\" \/>\n\t<meta name=\"twitter:data1\" content=\"3 minutes\" \/>\n<script type=\"application\/ld+json\" class=\"yoast-schema-graph\">{\"@context\":\"https:\\\/\\\/schema.org\",\"@graph\":[{\"@type\":\"WebPage\",\"@id\":\"https:\\\/\\\/www.stem.it\\\/fr\\\/survey\\\/\",\"url\":\"https:\\\/\\\/www.stem.it\\\/fr\\\/survey\\\/\",\"name\":\"Prises \u00c9lectriques Auto-Ejectables | Kussmaul | Stem Tech\",\"isPartOf\":{\"@id\":\"https:\\\/\\\/www.stem.it\\\/fr\\\/#website\"},\"datePublished\":\"2021-12-10T08:43:38+00:00\",\"dateModified\":\"2022-05-05T12:59:28+00:00\",\"description\":\"D\u00e9couvrez Kussmaul, leader mondial des prises \u00e9lectriques auto-ejectables, qui a s\u00e9lectionn\u00e9 Stem comme revendeur autoris\u00e9 pour l\u2019Europe et la Zone M\u00e9diterran\u00e9e.\",\"breadcrumb\":{\"@id\":\"https:\\\/\\\/www.stem.it\\\/fr\\\/survey\\\/#breadcrumb\"},\"inLanguage\":\"fr-FR\",\"potentialAction\":[{\"@type\":\"ReadAction\",\"target\":[\"https:\\\/\\\/www.stem.it\\\/fr\\\/survey\\\/\"]}]},{\"@type\":\"BreadcrumbList\",\"@id\":\"https:\\\/\\\/www.stem.it\\\/fr\\\/survey\\\/#breadcrumb\",\"itemListElement\":[{\"@type\":\"ListItem\",\"position\":1,\"name\":\"Home\",\"item\":\"https:\\\/\\\/www.stem.it\\\/fr\\\/\"},{\"@type\":\"ListItem\",\"position\":2,\"name\":\"Customer Satisfaction Survey\"}]},{\"@type\":\"WebSite\",\"@id\":\"https:\\\/\\\/www.stem.it\\\/fr\\\/#website\",\"url\":\"https:\\\/\\\/www.stem.it\\\/fr\\\/\",\"name\":\"Stem Ems\",\"description\":\"Prodotti di alta qualit\u00e0 per lavoro ed emergenza\",\"potentialAction\":[{\"@type\":\"SearchAction\",\"target\":{\"@type\":\"EntryPoint\",\"urlTemplate\":\"https:\\\/\\\/www.stem.it\\\/fr\\\/?s={search_term_string}\"},\"query-input\":{\"@type\":\"PropertyValueSpecification\",\"valueRequired\":true,\"valueName\":\"search_term_string\"}}],\"inLanguage\":\"fr-FR\"}]}<\/script>\n<!-- \/ Yoast SEO plugin. -->","yoast_head_json":{"title":"Prises \u00c9lectriques Auto-Ejectables | Kussmaul | Stem Tech","description":"D\u00e9couvrez Kussmaul, leader mondial des prises \u00e9lectriques auto-ejectables, qui a s\u00e9lectionn\u00e9 Stem comme revendeur autoris\u00e9 pour l\u2019Europe et la Zone M\u00e9diterran\u00e9e.","robots":{"index":"index","follow":"follow","max-snippet":"max-snippet:-1","max-image-preview":"max-image-preview:large","max-video-preview":"max-video-preview:-1"},"canonical":"https:\/\/www.stem.it\/fr\/survey\/","og_locale":"fr_FR","og_type":"article","og_title":"Utilisez-vous nos produits ? Connaissez-vous notre entreprise ? \u00cates-vous client ou distributeur ? Votre avis nous int\u00e9resse","og_description":"D\u00e9couvrez Kussmaul, leader mondial des prises \u00e9lectriques auto-ejectables, qui a s\u00e9lectionn\u00e9 Stem comme revendeur autoris\u00e9 pour l\u2019Europe et la Zone M\u00e9diterran\u00e9e.","og_url":"https:\/\/www.stem.it\/fr\/survey\/","og_site_name":"Stem Ems","article_publisher":"https:\/\/www.facebook.com\/stememsemergencymedicalsystems\/","article_modified_time":"2022-05-05T12:59:28+00:00","og_image":[{"width":1200,"height":630,"url":"https:\/\/www.stem.it\/wp-content\/uploads\/2022\/03\/Survey-Condivisione-su-FACEBOOK-1200x630-1.jpg","type":"image\/jpeg"}],"twitter_card":"summary_large_image","twitter_misc":{"Dur\u00e9e de lecture estim\u00e9e":"3 minutes"},"schema":{"@context":"https:\/\/schema.org","@graph":[{"@type":"WebPage","@id":"https:\/\/www.stem.it\/fr\/survey\/","url":"https:\/\/www.stem.it\/fr\/survey\/","name":"Prises \u00c9lectriques Auto-Ejectables | Kussmaul | Stem Tech","isPartOf":{"@id":"https:\/\/www.stem.it\/fr\/#website"},"datePublished":"2021-12-10T08:43:38+00:00","dateModified":"2022-05-05T12:59:28+00:00","description":"D\u00e9couvrez Kussmaul, leader mondial des prises \u00e9lectriques auto-ejectables, qui a s\u00e9lectionn\u00e9 Stem comme revendeur autoris\u00e9 pour l\u2019Europe et la Zone M\u00e9diterran\u00e9e.","breadcrumb":{"@id":"https:\/\/www.stem.it\/fr\/survey\/#breadcrumb"},"inLanguage":"fr-FR","potentialAction":[{"@type":"ReadAction","target":["https:\/\/www.stem.it\/fr\/survey\/"]}]},{"@type":"BreadcrumbList","@id":"https:\/\/www.stem.it\/fr\/survey\/#breadcrumb","itemListElement":[{"@type":"ListItem","position":1,"name":"Home","item":"https:\/\/www.stem.it\/fr\/"},{"@type":"ListItem","position":2,"name":"Customer Satisfaction Survey"}]},{"@type":"WebSite","@id":"https:\/\/www.stem.it\/fr\/#website","url":"https:\/\/www.stem.it\/fr\/","name":"Stem Ems","description":"Prodotti di alta qualit\u00e0 per lavoro ed emergenza","potentialAction":[{"@type":"SearchAction","target":{"@type":"EntryPoint","urlTemplate":"https:\/\/www.stem.it\/fr\/?s={search_term_string}"},"query-input":{"@type":"PropertyValueSpecification","valueRequired":true,"valueName":"search_term_string"}}],"inLanguage":"fr-FR"}]}},"_links":{"self":[{"href":"https:\/\/www.stem.it\/fr\/wp-json\/wp\/v2\/pages\/20582","targetHints":{"allow":["GET"]}}],"collection":[{"href":"https:\/\/www.stem.it\/fr\/wp-json\/wp\/v2\/pages"}],"about":[{"href":"https:\/\/www.stem.it\/fr\/wp-json\/wp\/v2\/types\/page"}],"author":[{"embeddable":true,"href":"https:\/\/www.stem.it\/fr\/wp-json\/wp\/v2\/users\/8"}],"replies":[{"embeddable":true,"href":"https:\/\/www.stem.it\/fr\/wp-json\/wp\/v2\/comments?post=20582"}],"version-history":[{"count":22,"href":"https:\/\/www.stem.it\/fr\/wp-json\/wp\/v2\/pages\/20582\/revisions"}],"predecessor-version":[{"id":25627,"href":"https:\/\/www.stem.it\/fr\/wp-json\/wp\/v2\/pages\/20582\/revisions\/25627"}],"wp:attachment":[{"href":"https:\/\/www.stem.it\/fr\/wp-json\/wp\/v2\/media?parent=20582"}],"curies":[{"name":"wp","href":"https:\/\/api.w.org\/{rel}","templated":true}]}}