{"id":5401,"date":"2019-04-04T17:09:18","date_gmt":"2019-04-04T15:09:18","guid":{"rendered":"https:\/\/www.stem.it\/centri-di-assistenza\/"},"modified":"2023-10-11T13:07:42","modified_gmt":"2023-10-11T11:07:42","slug":"talleres","status":"publish","type":"page","link":"https:\/\/www.stem.it\/es\/talleres\/","title":{"rendered":"GLOBAL SERVICE"},"content":{"rendered":"\n<style type=\"text\/css\" data-created_by=\"avia_inline_auto\" id=\"style-css-av-mi8jj-3f26648cdb355534731b6a166db460b0\">\n.avia-section.av-mi8jj-3f26648cdb355534731b6a166db460b0{\nbackground-color:#e6e6e6;\nbackground-image:unset;\n}\n<\/style>\n<div id='av_section_1'  class='avia-section av-mi8jj-3f26648cdb355534731b6a166db460b0 main_color avia-section-default avia-no-border-styling  avia-builder-el-0  el_before_av_section  avia-builder-el-first  avia-bg-style-parallax container_wrap sidebar_right'  ><div class='container av-section-cont-open' ><main  role=\"main\" itemprop=\"mainContentOfPage\"  class='template-page content  av-content-small alpha units'><div class='post-entry post-entry-type-page post-entry-5401'><div class='entry-content-wrapper clearfix'>\n\n<style type=\"text\/css\" data-created_by=\"avia_inline_auto\" id=\"style-css-av-k7oi534r-a237c78d3fe7bd8c5d3e5e815447bd90\">\n#top .av-special-heading.av-k7oi534r-a237c78d3fe7bd8c5d3e5e815447bd90{\npadding-bottom:0;\n}\nbody .av-special-heading.av-k7oi534r-a237c78d3fe7bd8c5d3e5e815447bd90 .av-special-heading-tag .heading-char{\nfont-size:25px;\n}\n.av-special-heading.av-k7oi534r-a237c78d3fe7bd8c5d3e5e815447bd90 .av-subheading{\nfont-size:15px;\n}\n<\/style>\n<div  class='av-special-heading av-k7oi534r-a237c78d3fe7bd8c5d3e5e815447bd90 av-special-heading-h2 blockquote modern-quote modern-centered  avia-builder-el-1  el_before_av_textblock  avia-builder-el-first  av-linked-heading'><h2 class='av-special-heading-tag '  itemprop=\"headline\"  >GLOBAL SERVICE<\/h2><div class=\"special-heading-border\"><div class=\"special-heading-inner-border\"><\/div><\/div><\/div>\n<section  class='av_textblock_section av-k693p5n5-fed57c4c4067d70208bf4f8f8aab62a3 '   itemscope=\"itemscope\" itemtype=\"https:\/\/schema.org\/CreativeWork\" ><div class='avia_textblock'  itemprop=\"text\" ><p style=\"text-align: center;\"><strong>Stem<\/strong> proporciona un n\u00facleo multifuncional en torno al cual se organiza toda la red de servicio postventa: Global Service. Clientes, centros de asistencia y operadores podr\u00e1n disfrutar de un servicio completo y personalizado. El cliente ser\u00e0 notificado directamente para las actividades de mantenimiento y actualizaci\u00f3n del producto y te pone en contacto con los centros de asistencia, garantizando un soporte inmediato y duradero. Para todas tus necesidades, comun\u00edcate con nuestros <strong>talleres oficiales,<\/strong> cuidadosamente\u00a0seleccionados y certificados por nuestro equipo para ofrecerle la m\u00e1s alta <strong>calidad<\/strong>.<\/p>\n<p><strong>\u00a0<\/strong><\/p>\n<\/div><\/section>\n<\/div><\/div><\/main><!-- close content main element --><\/div><\/div>\n<style type=\"text\/css\" data-created_by=\"avia_inline_auto\" id=\"style-css-av-kze0iz2v-759b7304a1c7c868a53a7d644acde7a6\">\n.avia-section.av-kze0iz2v-759b7304a1c7c868a53a7d644acde7a6{\nbackground-color:#074785;\nbackground-image:unset;\n}\n<\/style>\n<div id='av_section_2'  class='avia-section av-kze0iz2v-759b7304a1c7c868a53a7d644acde7a6 main_color avia-section-default avia-no-border-styling  avia-builder-el-3  el_after_av_section  el_before_av_section  avia-bg-style-parallax container_wrap sidebar_right'  ><div class='container av-section-cont-open' ><div class='template-page content  av-content-small alpha units'><div class='post-entry post-entry-type-page post-entry-5401'><div class='entry-content-wrapper clearfix'>\n<div class='flex_column_table av-kze0k27u-7c47b296481a9745a4bcafb018b10dfc sc-av_three_fourth av-equal-height-column-flextable'>\n<style type=\"text\/css\" data-created_by=\"avia_inline_auto\" id=\"style-css-av-kze0k27u-7c47b296481a9745a4bcafb018b10dfc\">\n.flex_column.av-kze0k27u-7c47b296481a9745a4bcafb018b10dfc{\nborder-radius:0px 0px 0px 0px;\npadding:0px 0px 0px 0px;\n}\n<\/style>\n<div  class='flex_column av-kze0k27u-7c47b296481a9745a4bcafb018b10dfc av_three_fourth  avia-builder-el-4  el_before_av_one_fourth  avia-builder-el-first  first flex_column_table_cell av-equal-height-column av-align-middle av-animated-generic left-to-right av-zero-column-padding  '     ><style type=\"text\/css\" data-created_by=\"avia_inline_auto\" id=\"style-css-av-kze0lb79-f8693a23d0cf2b77f96a9a04455716fd\">\n#top .av-special-heading.av-kze0lb79-f8693a23d0cf2b77f96a9a04455716fd{\npadding-bottom:0;\ncolor:#ffffff;\nfont-size:30px;\n}\nbody .av-special-heading.av-kze0lb79-f8693a23d0cf2b77f96a9a04455716fd .av-special-heading-tag .heading-char{\nfont-size:25px;\n}\n#top #wrap_all .av-special-heading.av-kze0lb79-f8693a23d0cf2b77f96a9a04455716fd .av-special-heading-tag{\nfont-size:30px;\n}\n.av-special-heading.av-kze0lb79-f8693a23d0cf2b77f96a9a04455716fd .special-heading-inner-border{\nborder-color:#ffffff;\n}\n.av-special-heading.av-kze0lb79-f8693a23d0cf2b77f96a9a04455716fd .av-subheading{\nfont-size:15px;\n}\n\n@media only screen and (min-width: 480px) and (max-width: 767px){ \n#top #wrap_all .av-special-heading.av-kze0lb79-f8693a23d0cf2b77f96a9a04455716fd .av-special-heading-tag{\nfont-size:0.8em;\n}\n}\n\n@media only screen and (max-width: 479px){ \n#top #wrap_all .av-special-heading.av-kze0lb79-f8693a23d0cf2b77f96a9a04455716fd .av-special-heading-tag{\nfont-size:0.8em;\n}\n}\n<\/style>\n<div  class='av-special-heading av-kze0lb79-f8693a23d0cf2b77f96a9a04455716fd av-special-heading-h3 custom-color-heading blockquote modern-quote modern-centered  avia-builder-el-5  avia-builder-el-no-sibling  av-inherit-size'><h3 class='av-special-heading-tag '  itemprop=\"headline\"  >\u00bfComo ha sido tu experiencia con Stem?<\/h3><div class=\"special-heading-border\"><div class=\"special-heading-inner-border\"><\/div><\/div><\/div><\/div><div class='av-flex-placeholder'><\/div>\n<style type=\"text\/css\" data-created_by=\"avia_inline_auto\" id=\"style-css-av-kze0miqm-4a914e9a5566b5a118f200ac82fce3d0\">\n.flex_column.av-kze0miqm-4a914e9a5566b5a118f200ac82fce3d0{\nborder-radius:0px 0px 0px 0px;\npadding:0px 0px 0px 0px;\n}\n<\/style>\n<div  class='flex_column av-kze0miqm-4a914e9a5566b5a118f200ac82fce3d0 av_one_fourth  avia-builder-el-6  el_after_av_three_fourth  avia-builder-el-last  flex_column_table_cell av-equal-height-column av-align-middle av-animated-generic bottom-to-top av-zero-column-padding avia-link-column av-column-link  '    data-link-column-url=\"https:\/\/www.stem.it\/es\/survey\/\"  data-link-column-target=\"_blank\"   ><a class=\"av-screen-reader-only\" href=https:\/\/www.stem.it\/es\/survey\/  target=\"_blank\" >Follow a manual added link<\/a><section  class='av_textblock_section av-l32nt7tc-bf65a81397a0169a6c0f0964497eae51 '   itemscope=\"itemscope\" itemtype=\"https:\/\/schema.org\/CreativeWork\" ><div class='avia_textblock'  itemprop=\"text\" ><div class=\"av_bottone av_bottone_bianco\">Ir al sondeo<\/div>\n<\/div><\/section><\/div><\/div><!--close column table wrapper. Autoclose: 1 -->\n<\/p>\n<\/div><\/div><\/div><!-- close content main div --><\/div><\/div><div id='av_section_3'  class='avia-section av-jumj9r5y-4bc9d36e86005770d3f7dbd454d9979e main_color avia-section-no-padding avia-no-border-styling  avia-builder-el-8  el_after_av_section  avia-builder-el-last  sezione-store-finder avia-bg-style-scroll container_wrap sidebar_right'  ><div class='container av-section-cont-open' ><div class='template-page content  av-content-small alpha units'><div class='post-entry post-entry-type-page post-entry-5401'><div class='entry-content-wrapper clearfix'>\n<section  class='av_textblock_section av-7eo9s-512a30a50ea6d70e5d120f868405ce6b '   itemscope=\"itemscope\" itemtype=\"https:\/\/schema.org\/CreativeWork\" ><div class='avia_textblock'  itemprop=\"text\" >\n<\/div><\/section>\n<\/div><\/div><\/div><!-- close content main div --><\/div><\/div><div id='after_section_3'  class='main_color av_default_container_wrap container_wrap sidebar_right'  ><div class='container av-section-cont-open' ><div class='template-page content  av-content-small alpha units'><div class='post-entry post-entry-type-page post-entry-5401'><div class='entry-content-wrapper clearfix'>\n","protected":false},"excerpt":{"rendered":"","protected":false},"author":8,"featured_media":0,"parent":0,"menu_order":0,"comment_status":"closed","ping_status":"closed","template":"","meta":{"footnotes":""},"class_list":["post-5401","page","type-page","status-publish","hentry"],"yoast_head":"<!-- This site is optimized with the Yoast SEO plugin v27.4 - https:\/\/yoast.com\/product\/yoast-seo-wordpress\/ -->\n<title>GLOBAL SERVICE - Stem Ems<\/title>\n<meta name=\"description\" content=\"\u00a1Encuentra el centro de servicio STEM m\u00e1s cercano!\" \/>\n<meta name=\"robots\" content=\"index, follow, max-snippet:-1, max-image-preview:large, max-video-preview:-1\" \/>\n<link rel=\"canonical\" href=\"https:\/\/www.stem.it\/es\/talleres\/\" \/>\n<meta property=\"og:locale\" content=\"es_ES\" \/>\n<meta property=\"og:type\" content=\"article\" \/>\n<meta property=\"og:title\" content=\"GLOBAL SERVICE - Stem Ems\" \/>\n<meta property=\"og:description\" content=\"\u00a1Encuentra el centro de servicio STEM m\u00e1s cercano!\" \/>\n<meta property=\"og:url\" content=\"https:\/\/www.stem.it\/es\/talleres\/\" \/>\n<meta property=\"og:site_name\" content=\"Stem Ems\" \/>\n<meta property=\"article:publisher\" content=\"https:\/\/www.facebook.com\/stememsemergencymedicalsystems\/\" \/>\n<meta property=\"article:modified_time\" content=\"2023-10-11T11:07:42+00:00\" \/>\n<meta name=\"twitter:card\" content=\"summary_large_image\" \/>\n<meta name=\"twitter:label1\" content=\"Tiempo de lectura\" \/>\n\t<meta name=\"twitter:data1\" content=\"3 minutos\" \/>\n<script type=\"application\/ld+json\" class=\"yoast-schema-graph\">{\"@context\":\"https:\\\/\\\/schema.org\",\"@graph\":[{\"@type\":\"WebPage\",\"@id\":\"https:\\\/\\\/www.stem.it\\\/es\\\/talleres\\\/\",\"url\":\"https:\\\/\\\/www.stem.it\\\/es\\\/talleres\\\/\",\"name\":\"GLOBAL SERVICE - Stem Ems\",\"isPartOf\":{\"@id\":\"https:\\\/\\\/www.stem.it\\\/es\\\/#website\"},\"datePublished\":\"2019-04-04T15:09:18+00:00\",\"dateModified\":\"2023-10-11T11:07:42+00:00\",\"description\":\"\u00a1Encuentra el centro de servicio STEM m\u00e1s cercano!\",\"breadcrumb\":{\"@id\":\"https:\\\/\\\/www.stem.it\\\/es\\\/talleres\\\/#breadcrumb\"},\"inLanguage\":\"es\",\"potentialAction\":[{\"@type\":\"ReadAction\",\"target\":[\"https:\\\/\\\/www.stem.it\\\/es\\\/talleres\\\/\"]}]},{\"@type\":\"BreadcrumbList\",\"@id\":\"https:\\\/\\\/www.stem.it\\\/es\\\/talleres\\\/#breadcrumb\",\"itemListElement\":[{\"@type\":\"ListItem\",\"position\":1,\"name\":\"Home\",\"item\":\"https:\\\/\\\/www.stem.it\\\/es\\\/\"},{\"@type\":\"ListItem\",\"position\":2,\"name\":\"GLOBAL SERVICE\"}]},{\"@type\":\"WebSite\",\"@id\":\"https:\\\/\\\/www.stem.it\\\/es\\\/#website\",\"url\":\"https:\\\/\\\/www.stem.it\\\/es\\\/\",\"name\":\"Stem Ems\",\"description\":\"Prodotti di alta qualit\u00e0 per lavoro ed emergenza\",\"potentialAction\":[{\"@type\":\"SearchAction\",\"target\":{\"@type\":\"EntryPoint\",\"urlTemplate\":\"https:\\\/\\\/www.stem.it\\\/es\\\/?s={search_term_string}\"},\"query-input\":{\"@type\":\"PropertyValueSpecification\",\"valueRequired\":true,\"valueName\":\"search_term_string\"}}],\"inLanguage\":\"es\"}]}<\/script>\n<!-- \/ Yoast SEO plugin. -->","yoast_head_json":{"title":"GLOBAL SERVICE - Stem Ems","description":"\u00a1Encuentra el centro de servicio STEM m\u00e1s cercano!","robots":{"index":"index","follow":"follow","max-snippet":"max-snippet:-1","max-image-preview":"max-image-preview:large","max-video-preview":"max-video-preview:-1"},"canonical":"https:\/\/www.stem.it\/es\/talleres\/","og_locale":"es_ES","og_type":"article","og_title":"GLOBAL SERVICE - Stem Ems","og_description":"\u00a1Encuentra el centro de servicio STEM m\u00e1s cercano!","og_url":"https:\/\/www.stem.it\/es\/talleres\/","og_site_name":"Stem Ems","article_publisher":"https:\/\/www.facebook.com\/stememsemergencymedicalsystems\/","article_modified_time":"2023-10-11T11:07:42+00:00","twitter_card":"summary_large_image","twitter_misc":{"Tiempo de lectura":"3 minutos"},"schema":{"@context":"https:\/\/schema.org","@graph":[{"@type":"WebPage","@id":"https:\/\/www.stem.it\/es\/talleres\/","url":"https:\/\/www.stem.it\/es\/talleres\/","name":"GLOBAL SERVICE - Stem Ems","isPartOf":{"@id":"https:\/\/www.stem.it\/es\/#website"},"datePublished":"2019-04-04T15:09:18+00:00","dateModified":"2023-10-11T11:07:42+00:00","description":"\u00a1Encuentra el centro de servicio STEM m\u00e1s cercano!","breadcrumb":{"@id":"https:\/\/www.stem.it\/es\/talleres\/#breadcrumb"},"inLanguage":"es","potentialAction":[{"@type":"ReadAction","target":["https:\/\/www.stem.it\/es\/talleres\/"]}]},{"@type":"BreadcrumbList","@id":"https:\/\/www.stem.it\/es\/talleres\/#breadcrumb","itemListElement":[{"@type":"ListItem","position":1,"name":"Home","item":"https:\/\/www.stem.it\/es\/"},{"@type":"ListItem","position":2,"name":"GLOBAL SERVICE"}]},{"@type":"WebSite","@id":"https:\/\/www.stem.it\/es\/#website","url":"https:\/\/www.stem.it\/es\/","name":"Stem Ems","description":"Prodotti di alta qualit\u00e0 per lavoro ed emergenza","potentialAction":[{"@type":"SearchAction","target":{"@type":"EntryPoint","urlTemplate":"https:\/\/www.stem.it\/es\/?s={search_term_string}"},"query-input":{"@type":"PropertyValueSpecification","valueRequired":true,"valueName":"search_term_string"}}],"inLanguage":"es"}]}},"_links":{"self":[{"href":"https:\/\/www.stem.it\/es\/wp-json\/wp\/v2\/pages\/5401","targetHints":{"allow":["GET"]}}],"collection":[{"href":"https:\/\/www.stem.it\/es\/wp-json\/wp\/v2\/pages"}],"about":[{"href":"https:\/\/www.stem.it\/es\/wp-json\/wp\/v2\/types\/page"}],"author":[{"embeddable":true,"href":"https:\/\/www.stem.it\/es\/wp-json\/wp\/v2\/users\/8"}],"replies":[{"embeddable":true,"href":"https:\/\/www.stem.it\/es\/wp-json\/wp\/v2\/comments?post=5401"}],"version-history":[{"count":2,"href":"https:\/\/www.stem.it\/es\/wp-json\/wp\/v2\/pages\/5401\/revisions"}],"predecessor-version":[{"id":37297,"href":"https:\/\/www.stem.it\/es\/wp-json\/wp\/v2\/pages\/5401\/revisions\/37297"}],"wp:attachment":[{"href":"https:\/\/www.stem.it\/es\/wp-json\/wp\/v2\/media?parent=5401"}],"curies":[{"name":"wp","href":"https:\/\/api.w.org\/{rel}","templated":true}]}}