{"id":8387,"date":"2019-09-17T12:10:34","date_gmt":"2019-09-17T10:10:34","guid":{"rendered":"https:\/\/www.stem.it\/safety-and-certifications\/"},"modified":"2022-05-05T14:42:32","modified_gmt":"2022-05-05T12:42:32","slug":"sicherheit-zertifizierungen","status":"publish","type":"page","link":"https:\/\/www.stem.it\/de\/sicherheit-zertifizierungen\/","title":{"rendered":"Sicherheit und Zertifizierungen"},"content":{"rendered":"\n<style type=\"text\/css\" data-created_by=\"avia_inline_auto\" id=\"style-css-av-mi8jj-3f26648cdb355534731b6a166db460b0\">\n.avia-section.av-mi8jj-3f26648cdb355534731b6a166db460b0{\nbackground-color:#e6e6e6;\nbackground-image:unset;\n}\n<\/style>\n<div id='av_section_1'  class='avia-section av-mi8jj-3f26648cdb355534731b6a166db460b0 main_color avia-section-default avia-no-border-styling  avia-builder-el-0  el_before_av_section  avia-builder-el-first  avia-bg-style-parallax container_wrap sidebar_right'  ><div class='container av-section-cont-open' ><main  role=\"main\" itemprop=\"mainContentOfPage\"  class='template-page content  av-content-small alpha units'><div class='post-entry post-entry-type-page post-entry-8387'><div class='entry-content-wrapper clearfix'>\n\n<style type=\"text\/css\" data-created_by=\"avia_inline_auto\" id=\"style-css-av-k8r5sg03-7b61fd2dfb6a86b7cd613440c7eef0ad\">\n#top .av-special-heading.av-k8r5sg03-7b61fd2dfb6a86b7cd613440c7eef0ad{\npadding-bottom:0;\n}\nbody .av-special-heading.av-k8r5sg03-7b61fd2dfb6a86b7cd613440c7eef0ad .av-special-heading-tag .heading-char{\nfont-size:25px;\n}\n.av-special-heading.av-k8r5sg03-7b61fd2dfb6a86b7cd613440c7eef0ad .av-subheading{\nfont-size:15px;\n}\n<\/style>\n<div  class='av-special-heading av-k8r5sg03-7b61fd2dfb6a86b7cd613440c7eef0ad av-special-heading-h1 blockquote modern-quote modern-centered  avia-builder-el-1  el_before_av_one_full  avia-builder-el-first '><h1 class='av-special-heading-tag '  itemprop=\"headline\"  >STEM: Sicherheit und Zertifizierungen<\/h1><div class=\"special-heading-border\"><div class=\"special-heading-inner-border\"><\/div><\/div><\/div>\n\n<style type=\"text\/css\" data-created_by=\"avia_inline_auto\" id=\"style-css-av-kkvpf-9f05550dd456c12c6f85f7fde3b962dc\">\n.flex_column.av-kkvpf-9f05550dd456c12c6f85f7fde3b962dc{\nborder-radius:0px 0px 0px 0px;\npadding:0px 0px 0px 0px;\n}\n<\/style>\n<div  class='flex_column av-kkvpf-9f05550dd456c12c6f85f7fde3b962dc av_one_full  avia-builder-el-2  el_after_av_heading  avia-builder-el-last  first flex_column_div av-animated-generic bottom-to-top av-zero-column-padding  '     ><section  class='av_textblock_section av-jsugbaw2-311f42d98edc2d0879c9fed051d321da '   itemscope=\"itemscope\" itemtype=\"https:\/\/schema.org\/CreativeWork\" ><div class='avia_textblock'  itemprop=\"text\" ><div class=\"page\" title=\"Page 1\">\n<div class=\"layoutArea\">\n<div class=\"column\">\n<p style=\"text-align: center;\">Eines der Schlu\u0308sselelemente, das dazu beitra\u0308gt, die Firma STEM zu einem weltweit fu\u0308hrenden Unternehmen in der Entwicklung und Herstellung von Tragenlagerungen fu\u0308r Krankenwagen zu machen, ist die Einhaltung der europa\u0308ischen Normen fu\u0308r Medizinfahrzeuge und deren Ausru\u0308stung.<\/p>\n<p style=\"text-align: center;\">Die STEM-Tragenlagerungen sind nach <em>EN 1789<\/em> und <em>EN 1865-5 (+ Anhang B)<\/em> zertifiziert, die ein <strong>hohes Sicherheits- uns Qualita\u0308tsniveau<\/strong> der in Krankenwagen fu\u0308r die Pflege und den Transport von Patienten verwendeten Gera\u0308te gewa\u0308hrleisten.<\/p>\n<\/div>\n<\/div>\n<\/div>\n<\/div><\/section><\/div><\/div><\/div><\/main><!-- close content main element --><\/div><\/div><div id='av_section_2'  class='avia-section av-13djsz-05e00c70a877661a22ec757316e47bdc main_color avia-section-large avia-no-border-styling  avia-builder-el-4  el_after_av_section  avia-builder-el-last  avia-bg-style-scroll container_wrap sidebar_right'  ><div class='container av-section-cont-open' ><div class='template-page content  av-content-small alpha units'><div class='post-entry post-entry-type-page post-entry-8387'><div class='entry-content-wrapper clearfix'>\n<section  class='av_textblock_section av-k85n894o-bf2f54e7e5766b89353ff5a97b14fb5a '   itemscope=\"itemscope\" itemtype=\"https:\/\/schema.org\/CreativeWork\" ><div class='avia_textblock'  itemprop=\"text\" ><h3 style=\"color: #c80f1e;\"><strong>EN 1789<\/strong><\/h3>\n<div class=\"page\" title=\"Page 1\">\n<p>Die Norm definiert die allgemeinen Anforderungen an den Patientenpflegebereich und die darin enthaltenen medizinischen Ger\u00e4te und Einrichtungen.<br \/>\nIn \u00dcbereinstimmung mit den Anforderungen dieser Norm werden alle Ger\u00e4te an Bord des Krankenwagens und die entsprechenden Befestigungssysteme der dynamischen 10-g Test gepr\u00fcft, um nachzuweisen, dass sie in der Lage sind, Beschleunigungen bis zum 10- fachen der Schwerkraft in allen Richtungen, sowohl in L\u00e4ngs- als auch in Querrichtung, zu widerstehen.<br \/>\nF\u00fcr die Sicherheit der Besatzungsmitglieder und des Patienten an Bord ist es in der Tat wichtig, dass medizinische Ger\u00e4te, Ausr\u00fcstungen oder Gegenst\u00e4nde, die \u00fcblicherweise an Bord eines Krankenwagens transportiert werden, an ihrem Platz verankert sind und sich nicht bewegen, um zu verhindern, dass sie sich bei einem Unfall in t\u00f6dliche Geschosse verwandeln.<\/p>\n<\/div>\n<h3 style=\"color: #c80f1e;\"><strong>EN 1865-5 &#8211; Anhang B<\/strong><\/h3>\n<p>EN 1865 definiert die Mindestanforderungen an die Konstruktion und Leistung von Patiententransportger\u00e4ten, die in Krankenwagen verwendet werden.<\/p>\n<p>Der f\u00fcnfte Abschnitt (EN 1865-5) bezieht sich auf die Tragenlagerungen.<br \/>\nDie Tragenlagerung ist ein wesentliches Element im Sanit\u00e4rraum. Erstens ist sie der Schnittstellenpunkt zwischen dem Fahrzeug und dem Patienten. Sie muss bestimmte Eigenschaften erf\u00fcllen, zum Beispiel darf sie keine scharfen Kanten haben, sie muss\u00a0 Lasten bis zu 220 kg tragen und das Be- und Entladen der Trage auch bei einem Gewicht von 300 kg erm\u00f6glichen.<br \/>\nZweitens kann eine erhebliche Masse und Gr\u00f6\u00dfe ein ernstes Risiko f\u00fcr die Sicherheit der Insassen im Krankenwagen darstellen. Aus diesem Grund reicht es nicht aus, dass die Fahrtrage \u00fcber die zertifizierte Befestigungen verf\u00fcgt, sondern ihre Tragenlagerung muss auch die dynamischen Tests in Bezug auf die Verankerung am Fahrzeug bestanden haben und von einer benannten Stelle 10g zertifiziert sein.<\/p>\n<p>STEM bietet eine Reihe von <strong>10 g getesteten und zertifizierten Tragenlagerungen <\/strong>an. Dar\u00fcber hinaus sind viele STEM-Tragetische und das Sherpa-System mit dynamischen Crashtests bis <strong>20 g <\/strong>zertifiziert, um <strong>maximale Sicherheit f\u00fcr Patienten und Bediener <\/strong>zu gew\u00e4hrleisten.<\/p>\n<p>Das Unternehmen verpflichtet sich dem Design und der Produktion von <strong>Qualit\u00e4tsprodukten<\/strong>.\u00a0 Ein Unterscheidungsmerkmal von der Firma Stem ist die Einhaltung der in Anhang B der Norm EN 1865-5 angegebenen Anforderungen. Der Anhang bezieht sich auf die Handhabungstests der Tragenlagerungen und definiert die maximalen Anstrengungen, die manuell aufgebracht werden k\u00f6nnen, um die St\u00fctze seitlich, vorw\u00e4rts oder r\u00fcckw\u00e4rts zu bewegen.<br \/>\nUm Qualit\u00e4tsprodukte zu herstellen, ist es wichtig, Ger\u00e4te mit Eigenschaften zu entwerfen, die es erm\u00f6glichen, die k\u00f6rperliche Anstrengung der Bediener zu reduzieren und sie bei ihren T\u00e4tigkeiten zu unterst\u00fctzen.<br \/>\nIn diesem Zusammenhang hat die Firma STEM Sherpa entwickelt, ein elektronisch gesteuertes Be- und Entladesystem f\u00fcr Fahrtragen, das verhindert, dass die Fahrtrage zu Boden f\u00e4llt, wenn das Bein beim Entladen nicht ge\u00f6ffnet wird, und die k\u00f6rperliche Anstrengung des Bedieners w\u00e4hrend des Beladens eliminiert.<\/p>\n<\/div><\/section>\n<\/div><\/div><\/div><!-- close content main div --><\/div><\/div><div id='after_section_2'  class='main_color av_default_container_wrap container_wrap sidebar_right'  ><div class='container av-section-cont-open' ><div class='template-page content  av-content-small alpha units'><div class='post-entry post-entry-type-page post-entry-8387'><div class='entry-content-wrapper clearfix'><\/p>\n","protected":false},"excerpt":{"rendered":"","protected":false},"author":8,"featured_media":8354,"parent":0,"menu_order":0,"comment_status":"closed","ping_status":"closed","template":"","meta":{"footnotes":""},"class_list":["post-8387","page","type-page","status-publish","has-post-thumbnail","hentry"],"yoast_head":"<!-- This site is optimized with the Yoast SEO plugin v27.4 - https:\/\/yoast.com\/product\/yoast-seo-wordpress\/ -->\n<title>Sicherheit und Zertifizierungen - Stem Ems<\/title>\n<meta name=\"robots\" content=\"index, follow, max-snippet:-1, max-image-preview:large, max-video-preview:-1\" \/>\n<link rel=\"canonical\" href=\"https:\/\/www.stem.it\/de\/sicherheit-zertifizierungen\/\" \/>\n<meta property=\"og:locale\" content=\"de_DE\" \/>\n<meta property=\"og:type\" content=\"article\" \/>\n<meta property=\"og:title\" content=\"Sicherheit und Zertifizierungen - Stem Ems\" \/>\n<meta property=\"og:url\" content=\"https:\/\/www.stem.it\/de\/sicherheit-zertifizierungen\/\" \/>\n<meta property=\"og:site_name\" content=\"Stem Ems\" \/>\n<meta property=\"article:publisher\" content=\"https:\/\/www.facebook.com\/stememsemergencymedicalsystems\/\" \/>\n<meta property=\"article:modified_time\" content=\"2022-05-05T12:42:32+00:00\" \/>\n<meta property=\"og:image\" content=\"https:\/\/www.stem.it\/wp-content\/uploads\/2020\/04\/sicurezza-certificazioni_EN.jpg\" \/>\n\t<meta property=\"og:image:width\" content=\"1200\" \/>\n\t<meta property=\"og:image:height\" content=\"630\" \/>\n\t<meta property=\"og:image:type\" content=\"image\/jpeg\" \/>\n<meta name=\"twitter:card\" content=\"summary_large_image\" \/>\n<meta name=\"twitter:label1\" content=\"Gesch\u00e4tzte Lesezeit\" \/>\n\t<meta name=\"twitter:data1\" content=\"4\u00a0Minuten\" \/>\n<script type=\"application\/ld+json\" class=\"yoast-schema-graph\">{\"@context\":\"https:\\\/\\\/schema.org\",\"@graph\":[{\"@type\":\"WebPage\",\"@id\":\"https:\\\/\\\/www.stem.it\\\/de\\\/sicherheit-zertifizierungen\\\/\",\"url\":\"https:\\\/\\\/www.stem.it\\\/de\\\/sicherheit-zertifizierungen\\\/\",\"name\":\"Sicherheit und Zertifizierungen - Stem Ems\",\"isPartOf\":{\"@id\":\"https:\\\/\\\/www.stem.it\\\/de\\\/#website\"},\"primaryImageOfPage\":{\"@id\":\"https:\\\/\\\/www.stem.it\\\/de\\\/sicherheit-zertifizierungen\\\/#primaryimage\"},\"image\":{\"@id\":\"https:\\\/\\\/www.stem.it\\\/de\\\/sicherheit-zertifizierungen\\\/#primaryimage\"},\"thumbnailUrl\":\"https:\\\/\\\/www.stem.it\\\/wp-content\\\/uploads\\\/2020\\\/04\\\/sicurezza-certificazioni_EN.jpg\",\"datePublished\":\"2019-09-17T10:10:34+00:00\",\"dateModified\":\"2022-05-05T12:42:32+00:00\",\"breadcrumb\":{\"@id\":\"https:\\\/\\\/www.stem.it\\\/de\\\/sicherheit-zertifizierungen\\\/#breadcrumb\"},\"inLanguage\":\"de\",\"potentialAction\":[{\"@type\":\"ReadAction\",\"target\":[\"https:\\\/\\\/www.stem.it\\\/de\\\/sicherheit-zertifizierungen\\\/\"]}]},{\"@type\":\"ImageObject\",\"inLanguage\":\"de\",\"@id\":\"https:\\\/\\\/www.stem.it\\\/de\\\/sicherheit-zertifizierungen\\\/#primaryimage\",\"url\":\"https:\\\/\\\/www.stem.it\\\/wp-content\\\/uploads\\\/2020\\\/04\\\/sicurezza-certificazioni_EN.jpg\",\"contentUrl\":\"https:\\\/\\\/www.stem.it\\\/wp-content\\\/uploads\\\/2020\\\/04\\\/sicurezza-certificazioni_EN.jpg\",\"width\":1200,\"height\":630},{\"@type\":\"BreadcrumbList\",\"@id\":\"https:\\\/\\\/www.stem.it\\\/de\\\/sicherheit-zertifizierungen\\\/#breadcrumb\",\"itemListElement\":[{\"@type\":\"ListItem\",\"position\":1,\"name\":\"Home\",\"item\":\"https:\\\/\\\/www.stem.it\\\/de\\\/\"},{\"@type\":\"ListItem\",\"position\":2,\"name\":\"Sicherheit und Zertifizierungen\"}]},{\"@type\":\"WebSite\",\"@id\":\"https:\\\/\\\/www.stem.it\\\/de\\\/#website\",\"url\":\"https:\\\/\\\/www.stem.it\\\/de\\\/\",\"name\":\"Stem Ems\",\"description\":\"Prodotti di alta qualit\u00e0 per lavoro ed emergenza\",\"potentialAction\":[{\"@type\":\"SearchAction\",\"target\":{\"@type\":\"EntryPoint\",\"urlTemplate\":\"https:\\\/\\\/www.stem.it\\\/de\\\/?s={search_term_string}\"},\"query-input\":{\"@type\":\"PropertyValueSpecification\",\"valueRequired\":true,\"valueName\":\"search_term_string\"}}],\"inLanguage\":\"de\"}]}<\/script>\n<!-- \/ Yoast SEO plugin. -->","yoast_head_json":{"title":"Sicherheit und Zertifizierungen - Stem Ems","robots":{"index":"index","follow":"follow","max-snippet":"max-snippet:-1","max-image-preview":"max-image-preview:large","max-video-preview":"max-video-preview:-1"},"canonical":"https:\/\/www.stem.it\/de\/sicherheit-zertifizierungen\/","og_locale":"de_DE","og_type":"article","og_title":"Sicherheit und Zertifizierungen - Stem Ems","og_url":"https:\/\/www.stem.it\/de\/sicherheit-zertifizierungen\/","og_site_name":"Stem Ems","article_publisher":"https:\/\/www.facebook.com\/stememsemergencymedicalsystems\/","article_modified_time":"2022-05-05T12:42:32+00:00","og_image":[{"width":1200,"height":630,"url":"https:\/\/www.stem.it\/wp-content\/uploads\/2020\/04\/sicurezza-certificazioni_EN.jpg","type":"image\/jpeg"}],"twitter_card":"summary_large_image","twitter_misc":{"Gesch\u00e4tzte Lesezeit":"4\u00a0Minuten"},"schema":{"@context":"https:\/\/schema.org","@graph":[{"@type":"WebPage","@id":"https:\/\/www.stem.it\/de\/sicherheit-zertifizierungen\/","url":"https:\/\/www.stem.it\/de\/sicherheit-zertifizierungen\/","name":"Sicherheit und Zertifizierungen - Stem Ems","isPartOf":{"@id":"https:\/\/www.stem.it\/de\/#website"},"primaryImageOfPage":{"@id":"https:\/\/www.stem.it\/de\/sicherheit-zertifizierungen\/#primaryimage"},"image":{"@id":"https:\/\/www.stem.it\/de\/sicherheit-zertifizierungen\/#primaryimage"},"thumbnailUrl":"https:\/\/www.stem.it\/wp-content\/uploads\/2020\/04\/sicurezza-certificazioni_EN.jpg","datePublished":"2019-09-17T10:10:34+00:00","dateModified":"2022-05-05T12:42:32+00:00","breadcrumb":{"@id":"https:\/\/www.stem.it\/de\/sicherheit-zertifizierungen\/#breadcrumb"},"inLanguage":"de","potentialAction":[{"@type":"ReadAction","target":["https:\/\/www.stem.it\/de\/sicherheit-zertifizierungen\/"]}]},{"@type":"ImageObject","inLanguage":"de","@id":"https:\/\/www.stem.it\/de\/sicherheit-zertifizierungen\/#primaryimage","url":"https:\/\/www.stem.it\/wp-content\/uploads\/2020\/04\/sicurezza-certificazioni_EN.jpg","contentUrl":"https:\/\/www.stem.it\/wp-content\/uploads\/2020\/04\/sicurezza-certificazioni_EN.jpg","width":1200,"height":630},{"@type":"BreadcrumbList","@id":"https:\/\/www.stem.it\/de\/sicherheit-zertifizierungen\/#breadcrumb","itemListElement":[{"@type":"ListItem","position":1,"name":"Home","item":"https:\/\/www.stem.it\/de\/"},{"@type":"ListItem","position":2,"name":"Sicherheit und Zertifizierungen"}]},{"@type":"WebSite","@id":"https:\/\/www.stem.it\/de\/#website","url":"https:\/\/www.stem.it\/de\/","name":"Stem Ems","description":"Prodotti di alta qualit\u00e0 per lavoro ed emergenza","potentialAction":[{"@type":"SearchAction","target":{"@type":"EntryPoint","urlTemplate":"https:\/\/www.stem.it\/de\/?s={search_term_string}"},"query-input":{"@type":"PropertyValueSpecification","valueRequired":true,"valueName":"search_term_string"}}],"inLanguage":"de"}]}},"_links":{"self":[{"href":"https:\/\/www.stem.it\/de\/wp-json\/wp\/v2\/pages\/8387","targetHints":{"allow":["GET"]}}],"collection":[{"href":"https:\/\/www.stem.it\/de\/wp-json\/wp\/v2\/pages"}],"about":[{"href":"https:\/\/www.stem.it\/de\/wp-json\/wp\/v2\/types\/page"}],"author":[{"embeddable":true,"href":"https:\/\/www.stem.it\/de\/wp-json\/wp\/v2\/users\/8"}],"replies":[{"embeddable":true,"href":"https:\/\/www.stem.it\/de\/wp-json\/wp\/v2\/comments?post=8387"}],"version-history":[{"count":4,"href":"https:\/\/www.stem.it\/de\/wp-json\/wp\/v2\/pages\/8387\/revisions"}],"predecessor-version":[{"id":25591,"href":"https:\/\/www.stem.it\/de\/wp-json\/wp\/v2\/pages\/8387\/revisions\/25591"}],"wp:featuredmedia":[{"embeddable":true,"href":"https:\/\/www.stem.it\/de\/wp-json\/wp\/v2\/media\/8354"}],"wp:attachment":[{"href":"https:\/\/www.stem.it\/de\/wp-json\/wp\/v2\/media?parent=8387"}],"curies":[{"name":"wp","href":"https:\/\/api.w.org\/{rel}","templated":true}]}}