{"id":5399,"date":"2019-04-04T17:09:18","date_gmt":"2019-04-04T15:09:18","guid":{"rendered":"https:\/\/www.stem.it\/centri-di-assistenza\/"},"modified":"2022-05-05T14:52:12","modified_gmt":"2022-05-05T12:52:12","slug":"service-center","status":"publish","type":"page","link":"https:\/\/www.stem.it\/de\/service-center\/","title":{"rendered":"Service-Center"},"content":{"rendered":"\n<style type=\"text\/css\" data-created_by=\"avia_inline_auto\" id=\"style-css-av-mi8jj-3f26648cdb355534731b6a166db460b0\">\n.avia-section.av-mi8jj-3f26648cdb355534731b6a166db460b0{\nbackground-color:#e6e6e6;\nbackground-image:unset;\n}\n<\/style>\n<div id='av_section_1'  class='avia-section av-mi8jj-3f26648cdb355534731b6a166db460b0 main_color avia-section-default avia-no-border-styling  avia-builder-el-0  el_before_av_section  avia-builder-el-first  avia-bg-style-parallax container_wrap sidebar_right'  ><div class='container av-section-cont-open' ><main  role=\"main\" itemprop=\"mainContentOfPage\"  class='template-page content  av-content-small alpha units'><div class='post-entry post-entry-type-page post-entry-5399'><div class='entry-content-wrapper clearfix'>\n\n<style type=\"text\/css\" data-created_by=\"avia_inline_auto\" id=\"style-css-av-av_heading-82aba2fd901e822c4541884eb0d298f6\">\n#top .av-special-heading.av-av_heading-82aba2fd901e822c4541884eb0d298f6{\npadding-bottom:0;\n}\nbody .av-special-heading.av-av_heading-82aba2fd901e822c4541884eb0d298f6 .av-special-heading-tag .heading-char{\nfont-size:25px;\n}\n.av-special-heading.av-av_heading-82aba2fd901e822c4541884eb0d298f6 .av-subheading{\nfont-size:15px;\n}\n<\/style>\n<div  class='av-special-heading av-av_heading-82aba2fd901e822c4541884eb0d298f6 av-special-heading-h2 blockquote modern-quote modern-centered  avia-builder-el-1  el_before_av_textblock  avia-builder-el-first '><h2 class='av-special-heading-tag '  itemprop=\"headline\"  >Service-Center<\/h2><div class=\"special-heading-border\"><div class=\"special-heading-inner-border\"><\/div><\/div><\/div>\n<section  class='av_textblock_section av-k693o5ck-4249c317a3977eb251fdc4378dd26672 '   itemscope=\"itemscope\" itemtype=\"https:\/\/schema.org\/CreativeWork\" ><div class='avia_textblock'  itemprop=\"text\" ><p style=\"text-align: center;\">Wenden Sie sich f\u00fcr alle Ihre Anforderungen an unsere <strong>Service-Center<\/strong>. Alle Werkst\u00e4tten wurden von unserem Team ausgew\u00e4hlt und zertifiziert, um Ihnen h\u00f6chste <strong>Qualit\u00e4t<\/strong> zu bieten.<\/p>\n<\/div><\/section>\n<\/div><\/div><\/main><!-- close content main element --><\/div><\/div>\n<style type=\"text\/css\" data-created_by=\"avia_inline_auto\" id=\"style-css-av-kze0ad2g-82d0316e060497171fcb7aea127588c3\">\n.avia-section.av-kze0ad2g-82d0316e060497171fcb7aea127588c3{\nbackground-color:#074785;\nbackground-image:unset;\n}\n<\/style>\n<div id='av_section_2'  class='avia-section av-kze0ad2g-82d0316e060497171fcb7aea127588c3 main_color avia-section-default avia-no-border-styling  avia-builder-el-3  el_after_av_section  el_before_av_section  avia-bg-style-parallax container_wrap sidebar_right'  ><div class='container av-section-cont-open' ><div class='template-page content  av-content-small alpha units'><div class='post-entry post-entry-type-page post-entry-5399'><div class='entry-content-wrapper clearfix'>\n<div class='flex_column_table av-kze0bv8h-7dd8c87915b97487a9220fb93b7a6007 sc-av_three_fourth av-equal-height-column-flextable'>\n<style type=\"text\/css\" data-created_by=\"avia_inline_auto\" id=\"style-css-av-kze0bv8h-7dd8c87915b97487a9220fb93b7a6007\">\n.flex_column.av-kze0bv8h-7dd8c87915b97487a9220fb93b7a6007{\nborder-radius:0px 0px 0px 0px;\n}\n<\/style>\n<div  class='flex_column av-kze0bv8h-7dd8c87915b97487a9220fb93b7a6007 av_three_fourth  avia-builder-el-4  el_before_av_one_fourth  avia-builder-el-first  first flex_column_table_cell av-equal-height-column av-align-middle av-animated-generic left-to-right  '     ><style type=\"text\/css\" data-created_by=\"avia_inline_auto\" id=\"style-css-av-kze0dewf-ab2aa7bede9b4e6c1279d9e89a869127\">\n#top .av-special-heading.av-kze0dewf-ab2aa7bede9b4e6c1279d9e89a869127{\npadding-bottom:0;\ncolor:#ffffff;\nfont-size:30px;\n}\nbody .av-special-heading.av-kze0dewf-ab2aa7bede9b4e6c1279d9e89a869127 .av-special-heading-tag .heading-char{\nfont-size:25px;\n}\n#top #wrap_all .av-special-heading.av-kze0dewf-ab2aa7bede9b4e6c1279d9e89a869127 .av-special-heading-tag{\nfont-size:30px;\n}\n.av-special-heading.av-kze0dewf-ab2aa7bede9b4e6c1279d9e89a869127 .special-heading-inner-border{\nborder-color:#ffffff;\n}\n.av-special-heading.av-kze0dewf-ab2aa7bede9b4e6c1279d9e89a869127 .av-subheading{\nfont-size:15px;\n}\n\n@media only screen and (min-width: 480px) and (max-width: 767px){ \n#top #wrap_all .av-special-heading.av-kze0dewf-ab2aa7bede9b4e6c1279d9e89a869127 .av-special-heading-tag{\nfont-size:0.8em;\n}\n}\n\n@media only screen and (max-width: 479px){ \n#top #wrap_all .av-special-heading.av-kze0dewf-ab2aa7bede9b4e6c1279d9e89a869127 .av-special-heading-tag{\nfont-size:0.8em;\n}\n}\n<\/style>\n<div  class='av-special-heading av-kze0dewf-ab2aa7bede9b4e6c1279d9e89a869127 av-special-heading-h3 custom-color-heading blockquote modern-quote modern-centered  avia-builder-el-5  avia-builder-el-no-sibling  av-inherit-size av-linked-heading'><h3 class='av-special-heading-tag '  itemprop=\"headline\"  >Wie war Ihre Erfahrung mit Stem?<\/h3><div class=\"special-heading-border\"><div class=\"special-heading-inner-border\"><\/div><\/div><\/div><\/div><div class='av-flex-placeholder'><\/div>\n<style type=\"text\/css\" data-created_by=\"avia_inline_auto\" id=\"style-css-av-kze0eg09-688708737da48bff63b38a4d248ffa4f\">\n.flex_column.av-kze0eg09-688708737da48bff63b38a4d248ffa4f{\nborder-radius:0px 0px 0px 0px;\npadding:0px 0px 0px 0px;\n}\n<\/style>\n<div  class='flex_column av-kze0eg09-688708737da48bff63b38a4d248ffa4f av_one_fourth  avia-builder-el-6  el_after_av_three_fourth  avia-builder-el-last  flex_column_table_cell av-equal-height-column av-align-middle av-animated-generic bottom-to-top av-zero-column-padding avia-link-column av-column-link  '    data-link-column-url=\"https:\/\/www.stem.it\/de\/survey\/\"   ><a class=\"av-screen-reader-only\" href=https:\/\/www.stem.it\/de\/survey\/ >Folge einem manuell hinzugef\u00fcgten Link<\/a><section  class='av_textblock_section av-l2t0bpgj-be07ee0e6715ac221cada733bfe9db7c '   itemscope=\"itemscope\" itemtype=\"https:\/\/schema.org\/CreativeWork\" ><div class='avia_textblock'  itemprop=\"text\" ><div class=\"av_bottone av_bottone_bianco\">Gehen Sie zur Seite \u201eUmfragen\u201c<\/div>\n<\/div><\/section><\/div><\/div><!--close column table wrapper. Autoclose: 1 --><\/div><\/div><\/div><!-- close content main div --><\/div><\/div><div id='av_section_3'  class='avia-section av-jumj9r5y-4bc9d36e86005770d3f7dbd454d9979e main_color avia-section-no-padding avia-no-border-styling  avia-builder-el-8  el_after_av_section  avia-builder-el-last  sezione-store-finder avia-bg-style-scroll container_wrap sidebar_right'  ><div class='container av-section-cont-open' ><div class='template-page content  av-content-small alpha units'><div class='post-entry post-entry-type-page post-entry-5399'><div class='entry-content-wrapper clearfix'>\n<section  class='av_textblock_section av-7eo9s-512a30a50ea6d70e5d120f868405ce6b '   itemscope=\"itemscope\" itemtype=\"https:\/\/schema.org\/CreativeWork\" ><div class='avia_textblock'  itemprop=\"text\" >\n<\/div><\/section>\n<\/div><\/div><\/div><!-- close content main div --><\/div><\/div><div id='after_section_3'  class='main_color av_default_container_wrap container_wrap sidebar_right'  ><div class='container av-section-cont-open' ><div class='template-page content  av-content-small alpha units'><div class='post-entry post-entry-type-page post-entry-5399'><div class='entry-content-wrapper clearfix'><\/p>\n","protected":false},"excerpt":{"rendered":"","protected":false},"author":8,"featured_media":0,"parent":0,"menu_order":0,"comment_status":"closed","ping_status":"closed","template":"","meta":{"footnotes":""},"class_list":["post-5399","page","type-page","status-publish","hentry"],"yoast_head":"<!-- This site is optimized with the Yoast SEO plugin v27.4 - https:\/\/yoast.com\/product\/yoast-seo-wordpress\/ -->\n<title>Service-Center - Stem Ems<\/title>\n<meta name=\"description\" content=\"Finden Sie das STEM-Service-Center in Ihrer N\u00e4he!\" \/>\n<meta name=\"robots\" content=\"index, follow, max-snippet:-1, max-image-preview:large, max-video-preview:-1\" \/>\n<link rel=\"canonical\" href=\"https:\/\/www.stem.it\/de\/service-center\/\" \/>\n<meta property=\"og:locale\" content=\"de_DE\" \/>\n<meta property=\"og:type\" content=\"article\" \/>\n<meta property=\"og:title\" content=\"Service-Center - Stem Ems\" \/>\n<meta property=\"og:description\" content=\"Finden Sie das STEM-Service-Center in Ihrer N\u00e4he!\" \/>\n<meta property=\"og:url\" content=\"https:\/\/www.stem.it\/de\/service-center\/\" \/>\n<meta property=\"og:site_name\" content=\"Stem Ems\" \/>\n<meta property=\"article:publisher\" content=\"https:\/\/www.facebook.com\/stememsemergencymedicalsystems\/\" \/>\n<meta property=\"article:modified_time\" content=\"2022-05-05T12:52:12+00:00\" \/>\n<meta name=\"twitter:card\" content=\"summary_large_image\" \/>\n<meta name=\"twitter:label1\" content=\"Gesch\u00e4tzte Lesezeit\" \/>\n\t<meta name=\"twitter:data1\" content=\"3\u00a0Minuten\" \/>\n<script type=\"application\/ld+json\" class=\"yoast-schema-graph\">{\"@context\":\"https:\\\/\\\/schema.org\",\"@graph\":[{\"@type\":\"WebPage\",\"@id\":\"https:\\\/\\\/www.stem.it\\\/de\\\/service-center\\\/\",\"url\":\"https:\\\/\\\/www.stem.it\\\/de\\\/service-center\\\/\",\"name\":\"Service-Center - Stem Ems\",\"isPartOf\":{\"@id\":\"https:\\\/\\\/www.stem.it\\\/de\\\/#website\"},\"datePublished\":\"2019-04-04T15:09:18+00:00\",\"dateModified\":\"2022-05-05T12:52:12+00:00\",\"description\":\"Finden Sie das STEM-Service-Center in Ihrer N\u00e4he!\",\"breadcrumb\":{\"@id\":\"https:\\\/\\\/www.stem.it\\\/de\\\/service-center\\\/#breadcrumb\"},\"inLanguage\":\"de\",\"potentialAction\":[{\"@type\":\"ReadAction\",\"target\":[\"https:\\\/\\\/www.stem.it\\\/de\\\/service-center\\\/\"]}]},{\"@type\":\"BreadcrumbList\",\"@id\":\"https:\\\/\\\/www.stem.it\\\/de\\\/service-center\\\/#breadcrumb\",\"itemListElement\":[{\"@type\":\"ListItem\",\"position\":1,\"name\":\"Home\",\"item\":\"https:\\\/\\\/www.stem.it\\\/de\\\/\"},{\"@type\":\"ListItem\",\"position\":2,\"name\":\"Service-Center\"}]},{\"@type\":\"WebSite\",\"@id\":\"https:\\\/\\\/www.stem.it\\\/de\\\/#website\",\"url\":\"https:\\\/\\\/www.stem.it\\\/de\\\/\",\"name\":\"Stem Ems\",\"description\":\"Prodotti di alta qualit\u00e0 per lavoro ed emergenza\",\"potentialAction\":[{\"@type\":\"SearchAction\",\"target\":{\"@type\":\"EntryPoint\",\"urlTemplate\":\"https:\\\/\\\/www.stem.it\\\/de\\\/?s={search_term_string}\"},\"query-input\":{\"@type\":\"PropertyValueSpecification\",\"valueRequired\":true,\"valueName\":\"search_term_string\"}}],\"inLanguage\":\"de\"}]}<\/script>\n<!-- \/ Yoast SEO plugin. -->","yoast_head_json":{"title":"Service-Center - Stem Ems","description":"Finden Sie das STEM-Service-Center in Ihrer N\u00e4he!","robots":{"index":"index","follow":"follow","max-snippet":"max-snippet:-1","max-image-preview":"max-image-preview:large","max-video-preview":"max-video-preview:-1"},"canonical":"https:\/\/www.stem.it\/de\/service-center\/","og_locale":"de_DE","og_type":"article","og_title":"Service-Center - Stem Ems","og_description":"Finden Sie das STEM-Service-Center in Ihrer N\u00e4he!","og_url":"https:\/\/www.stem.it\/de\/service-center\/","og_site_name":"Stem Ems","article_publisher":"https:\/\/www.facebook.com\/stememsemergencymedicalsystems\/","article_modified_time":"2022-05-05T12:52:12+00:00","twitter_card":"summary_large_image","twitter_misc":{"Gesch\u00e4tzte Lesezeit":"3\u00a0Minuten"},"schema":{"@context":"https:\/\/schema.org","@graph":[{"@type":"WebPage","@id":"https:\/\/www.stem.it\/de\/service-center\/","url":"https:\/\/www.stem.it\/de\/service-center\/","name":"Service-Center - Stem Ems","isPartOf":{"@id":"https:\/\/www.stem.it\/de\/#website"},"datePublished":"2019-04-04T15:09:18+00:00","dateModified":"2022-05-05T12:52:12+00:00","description":"Finden Sie das STEM-Service-Center in Ihrer N\u00e4he!","breadcrumb":{"@id":"https:\/\/www.stem.it\/de\/service-center\/#breadcrumb"},"inLanguage":"de","potentialAction":[{"@type":"ReadAction","target":["https:\/\/www.stem.it\/de\/service-center\/"]}]},{"@type":"BreadcrumbList","@id":"https:\/\/www.stem.it\/de\/service-center\/#breadcrumb","itemListElement":[{"@type":"ListItem","position":1,"name":"Home","item":"https:\/\/www.stem.it\/de\/"},{"@type":"ListItem","position":2,"name":"Service-Center"}]},{"@type":"WebSite","@id":"https:\/\/www.stem.it\/de\/#website","url":"https:\/\/www.stem.it\/de\/","name":"Stem Ems","description":"Prodotti di alta qualit\u00e0 per lavoro ed emergenza","potentialAction":[{"@type":"SearchAction","target":{"@type":"EntryPoint","urlTemplate":"https:\/\/www.stem.it\/de\/?s={search_term_string}"},"query-input":{"@type":"PropertyValueSpecification","valueRequired":true,"valueName":"search_term_string"}}],"inLanguage":"de"}]}},"_links":{"self":[{"href":"https:\/\/www.stem.it\/de\/wp-json\/wp\/v2\/pages\/5399","targetHints":{"allow":["GET"]}}],"collection":[{"href":"https:\/\/www.stem.it\/de\/wp-json\/wp\/v2\/pages"}],"about":[{"href":"https:\/\/www.stem.it\/de\/wp-json\/wp\/v2\/types\/page"}],"author":[{"embeddable":true,"href":"https:\/\/www.stem.it\/de\/wp-json\/wp\/v2\/users\/8"}],"replies":[{"embeddable":true,"href":"https:\/\/www.stem.it\/de\/wp-json\/wp\/v2\/comments?post=5399"}],"version-history":[{"count":15,"href":"https:\/\/www.stem.it\/de\/wp-json\/wp\/v2\/pages\/5399\/revisions"}],"predecessor-version":[{"id":25611,"href":"https:\/\/www.stem.it\/de\/wp-json\/wp\/v2\/pages\/5399\/revisions\/25611"}],"wp:attachment":[{"href":"https:\/\/www.stem.it\/de\/wp-json\/wp\/v2\/media?parent=5399"}],"curies":[{"name":"wp","href":"https:\/\/api.w.org\/{rel}","templated":true}]}}