{"id":35695,"date":"2023-05-09T08:56:50","date_gmt":"2023-05-09T06:56:50","guid":{"rendered":"https:\/\/www.stem.it\/?page_id=35695"},"modified":"2023-05-09T10:39:24","modified_gmt":"2023-05-09T08:39:24","slug":"gesteuerte-be-und-entladehilfe","status":"publish","type":"page","link":"https:\/\/www.stem.it\/de\/gesteuerte-be-und-entladehilfe\/","title":{"rendered":"Gesteuerte be- und entladehilfe"},"content":{"rendered":"<\/p>\n\n<style type=\"text\/css\" data-created_by=\"avia_inline_auto\" id=\"style-css-av-mi8jj-18d41855d4fdc5c54c648593b0b37e02\">\n.avia-section.av-mi8jj-18d41855d4fdc5c54c648593b0b37e02{\nbackground-color:#95c11e;\nbackground:linear-gradient( to right, #95c11e, #ffffff, #95c11e );\n}\n<\/style>\n<div id='av_section_1'  class='avia-section av-mi8jj-18d41855d4fdc5c54c648593b0b37e02 main_color avia-section-default avia-no-border-styling  avia-builder-el-0  el_before_av_section  avia-builder-el-first  avia-bg-style-scroll container_wrap sidebar_right'  ><div class='container av-section-cont-open' ><main  role=\"main\" itemprop=\"mainContentOfPage\"  class='template-page content  av-content-small alpha units'><div class='post-entry post-entry-type-page post-entry-35695'><div class='entry-content-wrapper clearfix'>\n\n<style type=\"text\/css\" data-created_by=\"avia_inline_auto\" id=\"style-css-av-k9wtpqkq-d1f72dca4dee82c6a896c3f99b8471cb\">\n#top .av-special-heading.av-k9wtpqkq-d1f72dca4dee82c6a896c3f99b8471cb{\npadding-bottom:0;\ncolor:#004484;\n}\nbody .av-special-heading.av-k9wtpqkq-d1f72dca4dee82c6a896c3f99b8471cb .av-special-heading-tag .heading-char{\nfont-size:25px;\n}\n.av-special-heading.av-k9wtpqkq-d1f72dca4dee82c6a896c3f99b8471cb .special-heading-inner-border{\nborder-color:#004484;\n}\n.av-special-heading.av-k9wtpqkq-d1f72dca4dee82c6a896c3f99b8471cb .av-subheading{\nfont-size:15px;\n}\n<\/style>\n<div  class='av-special-heading av-k9wtpqkq-d1f72dca4dee82c6a896c3f99b8471cb av-special-heading-h1 custom-color-heading blockquote modern-quote modern-centered  avia-builder-el-1  el_before_av_image  avia-builder-el-first  av-linked-heading'><h1 class='av-special-heading-tag '  itemprop=\"headline\"  >Gesteuerte be- und entladehilfe<\/h1><div class=\"special-heading-border\"><div class=\"special-heading-inner-border\"><\/div><\/div><\/div>\n\n<style type=\"text\/css\" data-created_by=\"avia_inline_auto\" id=\"style-css-av-l2pyhu50-3dda291026fc50002f94540983742eec\">\n.avia-image-container.av-l2pyhu50-3dda291026fc50002f94540983742eec img.avia_image{\nbox-shadow:none;\n}\n.avia-image-container.av-l2pyhu50-3dda291026fc50002f94540983742eec .av-image-caption-overlay-center{\ncolor:#ffffff;\n}\n<\/style>\n<div  class='avia-image-container av-l2pyhu50-3dda291026fc50002f94540983742eec av-styling- avia-align-center  avia-builder-el-2  el_after_av_heading  el_before_av_textblock  immagine_categoria_prodotti'   itemprop=\"image\" itemscope=\"itemscope\" itemtype=\"https:\/\/schema.org\/ImageObject\" ><div class=\"avia-image-container-inner\"><div class=\"avia-image-overlay-wrap\"><img decoding=\"async\" fetchpriority=\"high\" class='wp-image-23533 avia-img-lazy-loading-not-23533 avia_image ' src=\"https:\/\/www.stem.it\/wp-content\/uploads\/2022\/04\/logo_stem_ems_01.png\" alt='' title='logo_stem_ems_01'  height=\"91\" width=\"337\"  itemprop=\"thumbnailUrl\" srcset=\"https:\/\/www.stem.it\/wp-content\/uploads\/2022\/04\/logo_stem_ems_01.png 337w, https:\/\/www.stem.it\/wp-content\/uploads\/2022\/04\/logo_stem_ems_01-300x81.png 300w\" sizes=\"(max-width: 337px) 100vw, 337px\" \/><\/div><\/div><\/div>\n<section  class='av_textblock_section av-pwy7b-943eb80a4aae1abe0a4f6e113ebfd66b '   itemscope=\"itemscope\" itemtype=\"https:\/\/schema.org\/CreativeWork\" ><div class='avia_textblock'  itemprop=\"text\" ><p style=\"text-align: center;\">Die elektronisch gesteuerte Be- und Entladehilfe mit elektronischer Steuerung fu\u0308r Fahrtragen macht das Beladen von Fahrtragen besonders einfach und entlastet das Rettungspersonal.<\/p>\n<\/div><\/section>\n<\/div><\/div><\/main><!-- close content main element --><\/div><\/div><div id='av_section_2'  class='avia-section av-13djsz-05e00c70a877661a22ec757316e47bdc main_color avia-section-large avia-no-border-styling  avia-builder-el-4  el_after_av_section  avia-builder-el-last  avia-bg-style-scroll container_wrap sidebar_right'  ><div class='container av-section-cont-open' ><div class='template-page content  av-content-small alpha units'><div class='post-entry post-entry-type-page post-entry-35695'><div class='entry-content-wrapper clearfix'>\n\n<style type=\"text\/css\" data-created_by=\"avia_inline_auto\" id=\"style-css-av-shdab-2e7a417dcd0d9fb5cacf97bd2d160e61\">\n.flex_column.av-shdab-2e7a417dcd0d9fb5cacf97bd2d160e61{\nborder-radius:0px 0px 0px 0px;\npadding:0px 0px 0px 0px;\n}\n<\/style>\n<div  class='flex_column av-shdab-2e7a417dcd0d9fb5cacf97bd2d160e61 av_one_third  avia-builder-el-5  el_before_av_one_third  avia-builder-el-first  first flex_column_div av-animated-generic bottom-to-top av-zero-column-padding avia-link-column av-column-link avia-link-column-hover  '    data-link-column-url=\"https:\/\/www.stem.it\/de\/produkte\/sherpa-elektronisch-gesteuerte-universalbeladehilfe-fur-fahrtragen-mit-integrierter-s-u-s-sicherheitsvorrichtung\/\"  data-link-column-target=\"_blank\"   ><a class=\"av-screen-reader-only\" href=https:\/\/www.stem.it\/de\/produkte\/sherpa-elektronisch-gesteuerte-universalbeladehilfe-fur-fahrtragen-mit-integrierter-s-u-s-sicherheitsvorrichtung\/  target=\"_blank\" >Folge einem manuell hinzugef\u00fcgten Link<\/a><p>\n<style type=\"text\/css\" data-created_by=\"avia_inline_auto\" id=\"style-css-av-rginz-1fcf008ff87414559b343af551aa6fc6\">\n.avia-image-container.av-rginz-1fcf008ff87414559b343af551aa6fc6 img.avia_image{\nbox-shadow:none;\n}\n.avia-image-container.av-rginz-1fcf008ff87414559b343af551aa6fc6 .av-image-caption-overlay-center{\ncolor:#ffffff;\n}\n<\/style>\n<div  class='avia-image-container av-rginz-1fcf008ff87414559b343af551aa6fc6 av-styling-no-styling avia-align-center  avia-builder-el-6  el_before_av_heading  avia-builder-el-first '   itemprop=\"image\" itemscope=\"itemscope\" itemtype=\"https:\/\/schema.org\/ImageObject\" ><div class=\"avia-image-container-inner\"><div class=\"avia-image-overlay-wrap\"><img decoding=\"async\" fetchpriority=\"high\" class='wp-image-35710 avia-img-lazy-loading-not-35710 avia_image ' src=\"https:\/\/www.stem.it\/wp-content\/uploads\/2023\/05\/Caricamento-assistito-845x321-Sherpa.jpg\" alt='' title='Caricamento assistito - 845x321 - Sherpa'  height=\"321\" width=\"845\"  itemprop=\"thumbnailUrl\" srcset=\"https:\/\/www.stem.it\/wp-content\/uploads\/2023\/05\/Caricamento-assistito-845x321-Sherpa.jpg 845w, https:\/\/www.stem.it\/wp-content\/uploads\/2023\/05\/Caricamento-assistito-845x321-Sherpa-300x114.jpg 300w, https:\/\/www.stem.it\/wp-content\/uploads\/2023\/05\/Caricamento-assistito-845x321-Sherpa-768x292.jpg 768w, https:\/\/www.stem.it\/wp-content\/uploads\/2023\/05\/Caricamento-assistito-845x321-Sherpa-705x268.jpg 705w\" sizes=\"(max-width: 845px) 100vw, 845px\" \/><\/div><\/div><\/div><br \/>\n\n<style type=\"text\/css\" data-created_by=\"avia_inline_auto\" id=\"style-css-av-l4s90hxy-0be62e08b395897e4cd293ac88c24733\">\n#top .av-special-heading.av-l4s90hxy-0be62e08b395897e4cd293ac88c24733{\nmargin:20px 0 0 0;\npadding-bottom:0;\n}\nbody .av-special-heading.av-l4s90hxy-0be62e08b395897e4cd293ac88c24733 .av-special-heading-tag .heading-char{\nfont-size:25px;\n}\n.av-special-heading.av-l4s90hxy-0be62e08b395897e4cd293ac88c24733 .av-subheading{\nfont-size:15px;\n}\n<\/style>\n<div  class='av-special-heading av-l4s90hxy-0be62e08b395897e4cd293ac88c24733 av-special-heading-h3 blockquote modern-quote modern-centered  avia-builder-el-7  el_after_av_image  el_before_av_hr  av-linked-heading'><h3 class='av-special-heading-tag '  itemprop=\"headline\"  >Sherpa<\/h3><div class=\"special-heading-border\"><div class=\"special-heading-inner-border\"><\/div><\/div><\/div><br \/>\n\n<style type=\"text\/css\" data-created_by=\"avia_inline_auto\" id=\"style-css-av-2mp4b-7d753aff6689d2d3707a77c58d824c3a\">\n#top .hr.av-2mp4b-7d753aff6689d2d3707a77c58d824c3a{\nmargin-top:10px;\nmargin-bottom:10px;\n}\n.hr.av-2mp4b-7d753aff6689d2d3707a77c58d824c3a .hr-inner{\nwidth:100%;\nborder-color:rgba(255,255,255,0.01);\n}\n<\/style>\n<div  class='hr av-2mp4b-7d753aff6689d2d3707a77c58d824c3a hr-custom  avia-builder-el-8  el_after_av_heading  el_before_av_textblock  riga_sfumata_verde hr-center hr-icon-no'><span class='hr-inner inner-border-av-border-fat'><span class=\"hr-inner-style\"><\/span><\/span><\/div><br \/>\n<section  class='av_textblock_section av-lhg0jd7r-112f4b5ab29554f38bf2efd7c5f17e3d '   itemscope=\"itemscope\" itemtype=\"https:\/\/schema.org\/CreativeWork\" ><div class='av-desktop-hide av-medium-hide av-small-hide av-mini-hide avia_textblock'  itemprop=\"text\" ><p style=\"text-align: center;\">Mit allen Stem-Tragenlagerungen integriert<\/p>\n<\/div><\/section><\/p><\/div>\n<style type=\"text\/css\" data-created_by=\"avia_inline_auto\" id=\"style-css-av-shdab-fbc340519b075bffd85bd4a9e1ca954f\">\n.flex_column.av-shdab-fbc340519b075bffd85bd4a9e1ca954f{\nborder-radius:0px 0px 0px 0px;\npadding:0px 0px 0px 0px;\n}\n<\/style>\n<div  class='flex_column av-shdab-fbc340519b075bffd85bd4a9e1ca954f av_one_third  avia-builder-el-10  el_after_av_one_third  el_before_av_one_third  flex_column_div av-animated-generic bottom-to-top av-zero-column-padding avia-link-column av-column-link avia-link-column-hover  '    data-link-column-url=\"https:\/\/www.stem.it\/de\/produkte\/sherpa-slim\/\"  data-link-column-target=\"_blank\"   ><a class=\"av-screen-reader-only\" href=https:\/\/www.stem.it\/de\/produkte\/sherpa-slim\/  target=\"_blank\" >Folge einem manuell hinzugef\u00fcgten Link<\/a><p>\n<style type=\"text\/css\" data-created_by=\"avia_inline_auto\" id=\"style-css-av-rginz-7ce76eabfcdf00d33747f77bd82420d5\">\n.avia-image-container.av-rginz-7ce76eabfcdf00d33747f77bd82420d5 img.avia_image{\nbox-shadow:none;\n}\n.avia-image-container.av-rginz-7ce76eabfcdf00d33747f77bd82420d5 .av-image-caption-overlay-center{\ncolor:#ffffff;\n}\n<\/style>\n<div  class='avia-image-container av-rginz-7ce76eabfcdf00d33747f77bd82420d5 av-styling-no-styling avia-align-center  avia-builder-el-11  el_before_av_heading  avia-builder-el-first '   itemprop=\"image\" itemscope=\"itemscope\" itemtype=\"https:\/\/schema.org\/ImageObject\" ><div class=\"avia-image-container-inner\"><div class=\"avia-image-overlay-wrap\"><img decoding=\"async\" fetchpriority=\"high\" class='wp-image-35716 avia-img-lazy-loading-not-35716 avia_image ' src=\"https:\/\/www.stem.it\/wp-content\/uploads\/2023\/05\/Caricamento-assistito-845x321-Sherpa-Slim.jpg\" alt='' title='Caricamento assistito - 845x321 - Sherpa Slim'  height=\"321\" width=\"845\"  itemprop=\"thumbnailUrl\" srcset=\"https:\/\/www.stem.it\/wp-content\/uploads\/2023\/05\/Caricamento-assistito-845x321-Sherpa-Slim.jpg 845w, https:\/\/www.stem.it\/wp-content\/uploads\/2023\/05\/Caricamento-assistito-845x321-Sherpa-Slim-300x114.jpg 300w, https:\/\/www.stem.it\/wp-content\/uploads\/2023\/05\/Caricamento-assistito-845x321-Sherpa-Slim-768x292.jpg 768w, https:\/\/www.stem.it\/wp-content\/uploads\/2023\/05\/Caricamento-assistito-845x321-Sherpa-Slim-705x268.jpg 705w\" sizes=\"(max-width: 845px) 100vw, 845px\" \/><\/div><\/div><\/div><br \/>\n\n<style type=\"text\/css\" data-created_by=\"avia_inline_auto\" id=\"style-css-av-178onk-e2d271cc5a27a68d7e3bb88ea17d29c5\">\n#top .av-special-heading.av-178onk-e2d271cc5a27a68d7e3bb88ea17d29c5{\nmargin:20px 0 0 0;\npadding-bottom:0;\n}\nbody .av-special-heading.av-178onk-e2d271cc5a27a68d7e3bb88ea17d29c5 .av-special-heading-tag .heading-char{\nfont-size:25px;\n}\n.av-special-heading.av-178onk-e2d271cc5a27a68d7e3bb88ea17d29c5 .av-subheading{\nfont-size:15px;\n}\n<\/style>\n<div  class='av-special-heading av-178onk-e2d271cc5a27a68d7e3bb88ea17d29c5 av-special-heading-h3 blockquote modern-quote modern-centered  avia-builder-el-12  el_after_av_image  el_before_av_hr  av-linked-heading'><h3 class='av-special-heading-tag '  itemprop=\"headline\"  >Sherpa Slim<\/h3><div class=\"special-heading-border\"><div class=\"special-heading-inner-border\"><\/div><\/div><\/div><br \/>\n\n<style type=\"text\/css\" data-created_by=\"avia_inline_auto\" id=\"style-css-av-aibfww-f37b549bf9a159eae24eafa8fb312d82\">\n#top .hr.av-aibfww-f37b549bf9a159eae24eafa8fb312d82{\nmargin-top:10px;\nmargin-bottom:10px;\n}\n.hr.av-aibfww-f37b549bf9a159eae24eafa8fb312d82 .hr-inner{\nwidth:100%;\nborder-color:rgba(255,255,255,0.01);\n}\n<\/style>\n<div  class='hr av-aibfww-f37b549bf9a159eae24eafa8fb312d82 hr-custom  avia-builder-el-13  el_after_av_heading  el_before_av_textblock  riga_sfumata_verde hr-center hr-icon-no'><span class='hr-inner inner-border-av-border-fat'><span class=\"hr-inner-style\"><\/span><\/span><\/div><br \/>\n<section  class='av_textblock_section av-pwy7b-f7ff2b14cfe0698adb58cacfe9bf3db0 '   itemscope=\"itemscope\" itemtype=\"https:\/\/schema.org\/CreativeWork\" ><div class='av-desktop-hide av-medium-hide av-small-hide av-mini-hide avia_textblock'  itemprop=\"text\" ><p style=\"text-align: center;\">Schnellkuppler mit Bluetooth-Verbindung<\/p>\n<\/div><\/section><\/p><\/div>\n<style type=\"text\/css\" data-created_by=\"avia_inline_auto\" id=\"style-css-av-shdab-33cfea6819bde5b498bf931f67aeaef3\">\n.flex_column.av-shdab-33cfea6819bde5b498bf931f67aeaef3{\nborder-radius:0px 0px 0px 0px;\npadding:0px 0px 0px 0px;\n}\n<\/style>\n<div  class='flex_column av-shdab-33cfea6819bde5b498bf931f67aeaef3 av_one_third  avia-builder-el-15  el_after_av_one_third  avia-builder-el-last  flex_column_div av-animated-generic bottom-to-top av-zero-column-padding avia-link-column av-column-link avia-link-column-hover  '    data-link-column-url=\"https:\/\/www.stem.it\/de\/sherpa-zubehor\/\"  data-link-column-target=\"_blank\"   ><a class=\"av-screen-reader-only\" href=https:\/\/www.stem.it\/de\/sherpa-zubehor\/  target=\"_blank\" >Folge einem manuell hinzugef\u00fcgten Link<\/a><p>\n<style type=\"text\/css\" data-created_by=\"avia_inline_auto\" id=\"style-css-av-rginz-2d7495a431c8d322398520a5343f7589\">\n.avia-image-container.av-rginz-2d7495a431c8d322398520a5343f7589 img.avia_image{\nbox-shadow:none;\n}\n.avia-image-container.av-rginz-2d7495a431c8d322398520a5343f7589 .av-image-caption-overlay-center{\ncolor:#ffffff;\n}\n<\/style>\n<div  class='avia-image-container av-rginz-2d7495a431c8d322398520a5343f7589 av-styling-no-styling avia-align-center  avia-builder-el-16  el_before_av_heading  avia-builder-el-first '   itemprop=\"image\" itemscope=\"itemscope\" itemtype=\"https:\/\/schema.org\/ImageObject\" ><div class=\"avia-image-container-inner\"><div class=\"avia-image-overlay-wrap\"><img decoding=\"async\" fetchpriority=\"high\" class='wp-image-8418 avia-img-lazy-loading-not-8418 avia_image ' src=\"https:\/\/www.stem.it\/wp-content\/uploads\/2020\/05\/Accessori-Sherpa-845x321-Fit-Kit.jpg\" alt='fissaggio per barelle al sistema Sherpa di Stem' title='Accessori Sherpa - 845x321 - Fit Kit'  height=\"321\" width=\"845\"  itemprop=\"thumbnailUrl\" srcset=\"https:\/\/www.stem.it\/wp-content\/uploads\/2020\/05\/Accessori-Sherpa-845x321-Fit-Kit.jpg 845w, https:\/\/www.stem.it\/wp-content\/uploads\/2020\/05\/Accessori-Sherpa-845x321-Fit-Kit-300x114.jpg 300w, https:\/\/www.stem.it\/wp-content\/uploads\/2020\/05\/Accessori-Sherpa-845x321-Fit-Kit-768x292.jpg 768w, https:\/\/www.stem.it\/wp-content\/uploads\/2020\/05\/Accessori-Sherpa-845x321-Fit-Kit-705x268.jpg 705w\" sizes=\"(max-width: 845px) 100vw, 845px\" \/><\/div><\/div><\/div><br \/>\n\n<style type=\"text\/css\" data-created_by=\"avia_inline_auto\" id=\"style-css-av-92wvjk-d380b5156c7a6ba8378609a100b7c9a7\">\n#top .av-special-heading.av-92wvjk-d380b5156c7a6ba8378609a100b7c9a7{\nmargin:20px 0 0 0;\npadding-bottom:0;\n}\nbody .av-special-heading.av-92wvjk-d380b5156c7a6ba8378609a100b7c9a7 .av-special-heading-tag .heading-char{\nfont-size:25px;\n}\n.av-special-heading.av-92wvjk-d380b5156c7a6ba8378609a100b7c9a7 .av-subheading{\nfont-size:15px;\n}\n<\/style>\n<div  class='av-special-heading av-92wvjk-d380b5156c7a6ba8378609a100b7c9a7 av-special-heading-h3 blockquote modern-quote modern-centered  avia-builder-el-17  el_after_av_image  el_before_av_hr  av-linked-heading'><h3 class='av-special-heading-tag '  itemprop=\"headline\"  >Sherpa-Zubeh\u00f6r<\/h3><div class=\"special-heading-border\"><div class=\"special-heading-inner-border\"><\/div><\/div><\/div><br \/>\n\n<style type=\"text\/css\" data-created_by=\"avia_inline_auto\" id=\"style-css-av-6y3j2o-df319beadc5b797b9fa9170cdcd2236c\">\n#top .hr.av-6y3j2o-df319beadc5b797b9fa9170cdcd2236c{\nmargin-top:10px;\nmargin-bottom:10px;\n}\n.hr.av-6y3j2o-df319beadc5b797b9fa9170cdcd2236c .hr-inner{\nwidth:100%;\nborder-color:rgba(255,255,255,0.01);\n}\n<\/style>\n<div  class='hr av-6y3j2o-df319beadc5b797b9fa9170cdcd2236c hr-custom  avia-builder-el-18  el_after_av_heading  el_before_av_textblock  riga_sfumata_verde hr-center hr-icon-no'><span class='hr-inner inner-border-av-border-fat'><span class=\"hr-inner-style\"><\/span><\/span><\/div><br \/>\n<section  class='av_textblock_section av-pwy7b-f7ff2b14cfe0698adb58cacfe9bf3db0 '   itemscope=\"itemscope\" itemtype=\"https:\/\/schema.org\/CreativeWork\" ><div class='av-desktop-hide av-medium-hide av-small-hide av-mini-hide avia_textblock'  itemprop=\"text\" ><p style=\"text-align: center;\">F\u00fcr die meisten handels\u00fcblichen Fahrtr\u00e4gen<\/p>\n<\/div><\/section><\/p><\/div><\/div><\/div><\/div><!-- close content main div --><\/div><\/div><div id='after_section_2'  class='main_color av_default_container_wrap container_wrap sidebar_right'  ><div class='container av-section-cont-open' ><div class='template-page content  av-content-small alpha units'><div class='post-entry post-entry-type-page post-entry-35695'><div class='entry-content-wrapper clearfix'><\/p>\n","protected":false},"excerpt":{"rendered":"","protected":false},"author":4,"featured_media":0,"parent":0,"menu_order":0,"comment_status":"closed","ping_status":"closed","template":"","meta":{"footnotes":""},"class_list":["post-35695","page","type-page","status-publish","hentry"],"yoast_head":"<!-- This site is optimized with the Yoast SEO plugin v27.4 - https:\/\/yoast.com\/product\/yoast-seo-wordpress\/ -->\n<title>Gesteuerte be- und entladehilfe - Stem Ems<\/title>\n<meta name=\"robots\" content=\"index, follow, max-snippet:-1, max-image-preview:large, max-video-preview:-1\" \/>\n<link rel=\"canonical\" href=\"https:\/\/www.stem.it\/de\/gesteuerte-be-und-entladehilfe\/\" \/>\n<meta property=\"og:locale\" content=\"de_DE\" \/>\n<meta property=\"og:type\" content=\"article\" \/>\n<meta property=\"og:title\" content=\"Gesteuerte be- und entladehilfe - Stem Ems\" \/>\n<meta property=\"og:url\" content=\"https:\/\/www.stem.it\/de\/gesteuerte-be-und-entladehilfe\/\" \/>\n<meta property=\"og:site_name\" content=\"Stem Ems\" \/>\n<meta property=\"article:publisher\" content=\"https:\/\/www.facebook.com\/stememsemergencymedicalsystems\/\" \/>\n<meta property=\"article:modified_time\" content=\"2023-05-09T08:39:24+00:00\" \/>\n<meta property=\"og:image\" content=\"https:\/\/www.stem.it\/wp-content\/uploads\/2020\/07\/Accessori-Sherpa-Condivisione-su-FACEBOOK-1200x630.jpg\" \/>\n\t<meta property=\"og:image:width\" content=\"1200\" \/>\n\t<meta property=\"og:image:height\" content=\"630\" \/>\n\t<meta property=\"og:image:type\" content=\"image\/jpeg\" \/>\n<meta name=\"twitter:card\" content=\"summary_large_image\" \/>\n<meta name=\"twitter:label1\" content=\"Gesch\u00e4tzte Lesezeit\" \/>\n\t<meta name=\"twitter:data1\" content=\"4\u00a0Minuten\" \/>\n<script type=\"application\/ld+json\" class=\"yoast-schema-graph\">{\"@context\":\"https:\\\/\\\/schema.org\",\"@graph\":[{\"@type\":\"WebPage\",\"@id\":\"https:\\\/\\\/www.stem.it\\\/de\\\/gesteuerte-be-und-entladehilfe\\\/\",\"url\":\"https:\\\/\\\/www.stem.it\\\/de\\\/gesteuerte-be-und-entladehilfe\\\/\",\"name\":\"Gesteuerte be- und entladehilfe - Stem Ems\",\"isPartOf\":{\"@id\":\"https:\\\/\\\/www.stem.it\\\/de\\\/#website\"},\"datePublished\":\"2023-05-09T06:56:50+00:00\",\"dateModified\":\"2023-05-09T08:39:24+00:00\",\"breadcrumb\":{\"@id\":\"https:\\\/\\\/www.stem.it\\\/de\\\/gesteuerte-be-und-entladehilfe\\\/#breadcrumb\"},\"inLanguage\":\"de\",\"potentialAction\":[{\"@type\":\"ReadAction\",\"target\":[\"https:\\\/\\\/www.stem.it\\\/de\\\/gesteuerte-be-und-entladehilfe\\\/\"]}]},{\"@type\":\"BreadcrumbList\",\"@id\":\"https:\\\/\\\/www.stem.it\\\/de\\\/gesteuerte-be-und-entladehilfe\\\/#breadcrumb\",\"itemListElement\":[{\"@type\":\"ListItem\",\"position\":1,\"name\":\"Home\",\"item\":\"https:\\\/\\\/www.stem.it\\\/de\\\/\"},{\"@type\":\"ListItem\",\"position\":2,\"name\":\"Gesteuerte be- und entladehilfe\"}]},{\"@type\":\"WebSite\",\"@id\":\"https:\\\/\\\/www.stem.it\\\/de\\\/#website\",\"url\":\"https:\\\/\\\/www.stem.it\\\/de\\\/\",\"name\":\"Stem Ems\",\"description\":\"Prodotti di alta qualit\u00e0 per lavoro ed emergenza\",\"potentialAction\":[{\"@type\":\"SearchAction\",\"target\":{\"@type\":\"EntryPoint\",\"urlTemplate\":\"https:\\\/\\\/www.stem.it\\\/de\\\/?s={search_term_string}\"},\"query-input\":{\"@type\":\"PropertyValueSpecification\",\"valueRequired\":true,\"valueName\":\"search_term_string\"}}],\"inLanguage\":\"de\"}]}<\/script>\n<!-- \/ Yoast SEO plugin. -->","yoast_head_json":{"title":"Gesteuerte be- und entladehilfe - Stem Ems","robots":{"index":"index","follow":"follow","max-snippet":"max-snippet:-1","max-image-preview":"max-image-preview:large","max-video-preview":"max-video-preview:-1"},"canonical":"https:\/\/www.stem.it\/de\/gesteuerte-be-und-entladehilfe\/","og_locale":"de_DE","og_type":"article","og_title":"Gesteuerte be- und entladehilfe - Stem Ems","og_url":"https:\/\/www.stem.it\/de\/gesteuerte-be-und-entladehilfe\/","og_site_name":"Stem Ems","article_publisher":"https:\/\/www.facebook.com\/stememsemergencymedicalsystems\/","article_modified_time":"2023-05-09T08:39:24+00:00","og_image":[{"width":1200,"height":630,"url":"https:\/\/www.stem.it\/wp-content\/uploads\/2020\/07\/Accessori-Sherpa-Condivisione-su-FACEBOOK-1200x630.jpg","type":"image\/jpeg"}],"twitter_card":"summary_large_image","twitter_misc":{"Gesch\u00e4tzte Lesezeit":"4\u00a0Minuten"},"schema":{"@context":"https:\/\/schema.org","@graph":[{"@type":"WebPage","@id":"https:\/\/www.stem.it\/de\/gesteuerte-be-und-entladehilfe\/","url":"https:\/\/www.stem.it\/de\/gesteuerte-be-und-entladehilfe\/","name":"Gesteuerte be- und entladehilfe - Stem Ems","isPartOf":{"@id":"https:\/\/www.stem.it\/de\/#website"},"datePublished":"2023-05-09T06:56:50+00:00","dateModified":"2023-05-09T08:39:24+00:00","breadcrumb":{"@id":"https:\/\/www.stem.it\/de\/gesteuerte-be-und-entladehilfe\/#breadcrumb"},"inLanguage":"de","potentialAction":[{"@type":"ReadAction","target":["https:\/\/www.stem.it\/de\/gesteuerte-be-und-entladehilfe\/"]}]},{"@type":"BreadcrumbList","@id":"https:\/\/www.stem.it\/de\/gesteuerte-be-und-entladehilfe\/#breadcrumb","itemListElement":[{"@type":"ListItem","position":1,"name":"Home","item":"https:\/\/www.stem.it\/de\/"},{"@type":"ListItem","position":2,"name":"Gesteuerte be- und entladehilfe"}]},{"@type":"WebSite","@id":"https:\/\/www.stem.it\/de\/#website","url":"https:\/\/www.stem.it\/de\/","name":"Stem Ems","description":"Prodotti di alta qualit\u00e0 per lavoro ed emergenza","potentialAction":[{"@type":"SearchAction","target":{"@type":"EntryPoint","urlTemplate":"https:\/\/www.stem.it\/de\/?s={search_term_string}"},"query-input":{"@type":"PropertyValueSpecification","valueRequired":true,"valueName":"search_term_string"}}],"inLanguage":"de"}]}},"_links":{"self":[{"href":"https:\/\/www.stem.it\/de\/wp-json\/wp\/v2\/pages\/35695","targetHints":{"allow":["GET"]}}],"collection":[{"href":"https:\/\/www.stem.it\/de\/wp-json\/wp\/v2\/pages"}],"about":[{"href":"https:\/\/www.stem.it\/de\/wp-json\/wp\/v2\/types\/page"}],"author":[{"embeddable":true,"href":"https:\/\/www.stem.it\/de\/wp-json\/wp\/v2\/users\/4"}],"replies":[{"embeddable":true,"href":"https:\/\/www.stem.it\/de\/wp-json\/wp\/v2\/comments?post=35695"}],"version-history":[{"count":3,"href":"https:\/\/www.stem.it\/de\/wp-json\/wp\/v2\/pages\/35695\/revisions"}],"predecessor-version":[{"id":35767,"href":"https:\/\/www.stem.it\/de\/wp-json\/wp\/v2\/pages\/35695\/revisions\/35767"}],"wp:attachment":[{"href":"https:\/\/www.stem.it\/de\/wp-json\/wp\/v2\/media?parent=35695"}],"curies":[{"name":"wp","href":"https:\/\/api.w.org\/{rel}","templated":true}]}}